{"id":72,"date":"2016-05-18T16:59:28","date_gmt":"2016-05-18T20:59:28","guid":{"rendered":"https:\/\/terragon.wpengine.com\/fr\/?page_id=72"},"modified":"2020-12-07T15:58:15","modified_gmt":"2020-12-07T20:58:15","slug":"plan-du-site","status":"publish","type":"page","link":"https:\/\/terragon.net\/fr\/plan-du-site\/","title":{"rendered":"Plan du site"},"content":{"rendered":"<div id=\"simple-sitemap-container-69d77dcf2a985\" class=\"simple-sitemap-container simple-sitemap-container-69d77dcf2a985 tab-disabled\"><div class=\"simple-sitemap-wrap\"><h3 class=\"post-type\">Pages<\/h3><ul class=\"simple-sitemap-page main\"><li class=\"sitemap-item page_item page-item-15\"><a href=\"https:\/\/terragon.net\/fr\/\">Accueil<\/a><\/li>\n<li class=\"sitemap-item page_item page-item-25 page_item_has_children\"><a href=\"https:\/\/terragon.net\/fr\/a-propos-de-nous\/\">\u00c0 propos de nous<\/a>\n<ul class='children'>\n\t<li class=\"sitemap-item page_item page-item-107\"><a href=\"https:\/\/terragon.net\/fr\/a-propos-de-nous\/notre-equipe\/\">Notre \u00e9quipe<\/a><\/li>\n\t<li class=\"sitemap-item page_item page-item-108\"><a href=\"https:\/\/terragon.net\/fr\/a-propos-de-nous\/partenaires\/\">Partenaires<\/a><\/li>\n\t<li class=\"sitemap-item page_item page-item-1557\"><a href=\"https:\/\/terragon.net\/fr\/a-propos-de-nous\/le-saviez-vous\/\">Le saviez-vous?<\/a><\/li>\n<\/ul>\n<\/li>\n<li class=\"sitemap-item page_item page-item-51 page_item_has_children\"><a href=\"https:\/\/terragon.net\/fr\/solutions-pour-la-recuperation-des-ressources\/\">Solutions de r\u00e9cup\u00e9ration des ressources<\/a>\n<ul class='children'>\n\t<li class=\"sitemap-item page_item page-item-109\"><a href=\"https:\/\/terragon.net\/fr\/solutions-pour-la-recuperation-des-ressources\/valorisation-des-dechets\/\">VALORISATION DES MATI\u00c8RES R\u00c9SIDUELLES - MAGS<\/a><\/li>\n\t<li class=\"sitemap-item page_item page-item-110 page_item_has_children\"><a href=\"https:\/\/terragon.net\/fr\/solutions-pour-la-recuperation-des-ressources\/solutions-eaux\/\">Nos solutions pour le traitement des eaux us\u00e9es -WETT<\/a><\/li>\n\t<li class=\"sitemap-item page_item page-item-111\"><a href=\"https:\/\/terragon.net\/fr\/solutions-pour-la-recuperation-des-ressources\/habitats-avec-recuperation-complete-des-ressources\/\">HABITAT AVEC UTILISATION TOTALE DES RESSOURCES<\/a><\/li>\n\t<li class=\"sitemap-item page_item page-item-116\"><a href=\"https:\/\/terragon.net\/fr\/solutions-pour-la-recuperation-des-ressources\/accreditations\/\">Accr\u00e9ditations<\/a><\/li>\n<\/ul>\n<\/li>\n<li class=\"sitemap-item page_item page-item-53 page_item_has_children\"><a href=\"https:\/\/terragon.net\/fr\/marches\/\">March\u00e9s<\/a>\n<ul class='children'>\n\t<li class=\"sitemap-item page_item page-item-112\"><a href=\"https:\/\/terragon.net\/fr\/marches\/industriel\/\">D\u00c9CHETS INDUSTRIELS<\/a><\/li>\n\t<li class=\"sitemap-item page_item page-item-113\"><a href=\"https:\/\/terragon.net\/fr\/marches\/navires-et-plate-formes-en-mer\/\">Navires et plate-formes maritimes<\/a><\/li>\n\t<li class=\"sitemap-item page_item page-item-114\"><a href=\"https:\/\/terragon.net\/fr\/marches\/domaine-militaire-et-de-la-securite\/\">MILITAIRE &amp; S\u00c9CURIT\u00c9<\/a><\/li>\n\t<li class=\"sitemap-item page_item page-item-115\"><a href=\"https:\/\/terragon.net\/fr\/marches\/dechets-medicaux-et-biorisques\/\">M\u00c9DICAL ET DANGER BIOLOGIQUE<\/a><\/li>\n\t<li class=\"sitemap-item page_item page-item-170\"><a href=\"https:\/\/terragon.net\/fr\/marches\/habitats-eloignes\/\">HABITATS \u00c9LOIGN\u00c9S ET CAMPS DE TRAVAIL<\/a><\/li>\n\t<li class=\"sitemap-item page_item page-item-2544\"><a href=\"https:\/\/terragon.net\/fr\/marches\/camps-de-travail\/\">CAMPS DE TRAVAIL<\/a><\/li>\n<\/ul>\n<\/li>\n<li class=\"sitemap-item page_item page-item-54\"><a href=\"https:\/\/terragon.net\/fr\/applications\/\">Applications<\/a><\/li>\n<li class=\"sitemap-item page_item page-item-55 page_item_has_children\"><a href=\"https:\/\/terragon.net\/fr\/realisations\/\">Prix gagn\u00e9s<\/a>\n<ul class='children'>\n\t<li class=\"sitemap-item page_item page-item-118\"><a href=\"https:\/\/terragon.net\/fr\/realisations\/temoignages\/\">T\u00e9moignages<\/a><\/li>\n<\/ul>\n<\/li>\n<li class=\"sitemap-item page_item page-item-56 page_item_has_children\"><a href=\"https:\/\/terragon.net\/fr\/soutien\/\">Soutien<\/a>\n<ul class='children'>\n\t<li class=\"sitemap-item page_item page-item-1558\"><a href=\"https:\/\/terragon.net\/fr\/soutien\/faq\/\">FAQ<\/a><\/li>\n<\/ul>\n<\/li>\n<li class=\"sitemap-item page_item page-item-57 page_item_has_children\"><a href=\"https:\/\/terragon.net\/fr\/nouvelles\/\">Nouvelles<\/a>\n<ul class='children'>\n\t<li class=\"sitemap-item page_item page-item-2535\"><a href=\"https:\/\/terragon.net\/fr\/nouvelles\/in-the-news\/\">In the News<\/a><\/li>\n<\/ul>\n<\/li>\n<li class=\"sitemap-item page_item page-item-58 page_item_has_children\"><a href=\"https:\/\/terragon.net\/fr\/contact\/\">Contact<\/a>\n<ul class='children'>\n\t<li class=\"sitemap-item page_item page-item-117\"><a href=\"https:\/\/terragon.net\/fr\/contact\/contact-merci\/\">Contact<\/a><\/li>\n<\/ul>\n<\/li>\n<li class=\"sitemap-item page_item page-item-59\"><a href=\"https:\/\/terragon.net\/fr\/emplois\/\">Emplois<\/a><\/li>\n<li class=\"sitemap-item page_item page-item-60\"><a href=\"https:\/\/terragon.net\/fr\/fr-terragon-reporter\/\">FR Terragon Reporter<\/a><\/li>\n<li class=\"sitemap-item page_item page-item-69 page_item_has_children\"><a href=\"https:\/\/terragon.net\/fr\/demande-dinformation\/\">Demande d'information<\/a>\n<ul class='children'>\n\t<li class=\"sitemap-item page_item page-item-121\"><a href=\"https:\/\/terragon.net\/fr\/demande-dinformation\/information-request-thank-you\/\">FR Information Request - Thank You<\/a><\/li>\n<\/ul>\n<\/li>\n<li class=\"sitemap-item page_item page-item-70\"><a href=\"https:\/\/terragon.net\/fr\/blog\/\">Blog<\/a><\/li>\n<li class=\"sitemap-item page_item page-item-71\"><a href=\"https:\/\/terragon.net\/fr\/confidentialite\/\">Confidentialit\u00e9<\/a><\/li>\n<li class=\"sitemap-item page_item page-item-72\"><a href=\"https:\/\/terragon.net\/fr\/plan-du-site\/\">Plan du site<\/a><\/li>\n<li class=\"sitemap-item page_item page-item-261\"><a href=\"https:\/\/terragon.net\/fr\/infolettre\/\">Infolettre<\/a><\/li>\n<\/ul><\/div><\/div><br style=\"clear: both;\">\n","protected":false},"excerpt":{"rendered":"PagesAccueil \u00c0 propos de nous Notre \u00e9quipe Partenaires Le saviez-vous? Solutions de r\u00e9cup\u00e9ration des ressources VALORISATION DES MATI\u00c8RES R\u00c9SIDUELLES - MAGS Nos solutions pour le traitement des eaux us\u00e9es -WETT HABITAT AVEC UTILISATION TOTALE DES RESSOURCES Accr\u00e9ditations March\u00e9s D\u00c9CHETS INDUSTRIELS&hellip;","protected":false},"author":2,"featured_media":0,"parent":0,"menu_order":140,"comment_status":"closed","ping_status":"closed","template":"","meta":{"footnotes":""},"class_list":["post-72","page","type-page","status-publish","hentry","entry","no-media"],"yoast_head":"<!-- This site is optimized with the Yoast SEO plugin v26.8 - https:\/\/yoast.com\/product\/yoast-seo-wordpress\/ -->\n<title>Plan du site - Terragon Environmental Technologies Inc.<\/title>\n<meta name=\"robots\" content=\"index, follow, max-snippet:-1, max-image-preview:large, max-video-preview:-1\" \/>\n<link rel=\"canonical\" href=\"https:\/\/terragon.net\/fr\/plan-du-site\/\" \/>\n<meta property=\"og:locale\" content=\"fr_FR\" \/>\n<meta property=\"og:type\" content=\"article\" \/>\n<meta property=\"og:title\" content=\"Plan du site - Terragon Environmental Technologies Inc.\" \/>\n<meta property=\"og:url\" content=\"https:\/\/terragon.net\/fr\/plan-du-site\/\" \/>\n<meta property=\"og:site_name\" content=\"Terragon Environmental Technologies Inc.\" \/>\n<meta property=\"article:modified_time\" content=\"2020-12-07T20:58:15+00:00\" \/>\n<meta name=\"twitter:card\" content=\"summary_large_image\" \/>\n<script type=\"application\/ld+json\" class=\"yoast-schema-graph\">{\"@context\":\"https:\/\/schema.org\",\"@graph\":[{\"@type\":\"WebPage\",\"@id\":\"https:\/\/terragon.net\/fr\/plan-du-site\/\",\"url\":\"https:\/\/terragon.net\/fr\/plan-du-site\/\",\"name\":\"Plan du site - Terragon Environmental Technologies Inc.\",\"isPartOf\":{\"@id\":\"https:\/\/terragon.net\/#website\"},\"datePublished\":\"2016-05-18T20:59:28+00:00\",\"dateModified\":\"2020-12-07T20:58:15+00:00\",\"breadcrumb\":{\"@id\":\"https:\/\/terragon.net\/fr\/plan-du-site\/#breadcrumb\"},\"inLanguage\":\"fr-FR\",\"potentialAction\":[{\"@type\":\"ReadAction\",\"target\":[\"https:\/\/terragon.net\/fr\/plan-du-site\/\"]}]},{\"@type\":\"BreadcrumbList\",\"@id\":\"https:\/\/terragon.net\/fr\/plan-du-site\/#breadcrumb\",\"itemListElement\":[{\"@type\":\"ListItem\",\"position\":1,\"name\":\"Home\",\"item\":\"https:\/\/terragon.net\/fr\/\"},{\"@type\":\"ListItem\",\"position\":2,\"name\":\"Plan du site\"}]},{\"@type\":\"WebSite\",\"@id\":\"https:\/\/terragon.net\/#website\",\"url\":\"https:\/\/terragon.net\/\",\"name\":\"Terragon Environmental Technologies Inc.\",\"description\":\"\",\"publisher\":{\"@id\":\"https:\/\/terragon.net\/#organization\"},\"potentialAction\":[{\"@type\":\"SearchAction\",\"target\":{\"@type\":\"EntryPoint\",\"urlTemplate\":\"https:\/\/terragon.net\/?s={search_term_string}\"},\"query-input\":{\"@type\":\"PropertyValueSpecification\",\"valueRequired\":true,\"valueName\":\"search_term_string\"}}],\"inLanguage\":\"fr-FR\"},{\"@type\":\"Organization\",\"@id\":\"https:\/\/terragon.net\/#organization\",\"name\":\"Terragon Environmental Technologies Inc.\",\"url\":\"https:\/\/terragon.net\/\",\"logo\":{\"@type\":\"ImageObject\",\"inLanguage\":\"fr-FR\",\"@id\":\"https:\/\/terragon.net\/#\/schema\/logo\/image\/\",\"url\":\"https:\/\/terragon.net\/wp-content\/uploads\/2016\/05\/Terragon-logo-bi-lingual.png\",\"contentUrl\":\"https:\/\/terragon.net\/wp-content\/uploads\/2016\/05\/Terragon-logo-bi-lingual.png\",\"width\":573,\"height\":341,\"caption\":\"Terragon Environmental Technologies Inc.\"},\"image\":{\"@id\":\"https:\/\/terragon.net\/#\/schema\/logo\/image\/\"}}]}<\/script>\n<!-- \/ Yoast SEO plugin. -->","yoast_head_json":{"title":"Plan du site - Terragon Environmental Technologies Inc.","robots":{"index":"index","follow":"follow","max-snippet":"max-snippet:-1","max-image-preview":"max-image-preview:large","max-video-preview":"max-video-preview:-1"},"canonical":"https:\/\/terragon.net\/fr\/plan-du-site\/","og_locale":"fr_FR","og_type":"article","og_title":"Plan du site - Terragon Environmental Technologies Inc.","og_url":"https:\/\/terragon.net\/fr\/plan-du-site\/","og_site_name":"Terragon Environmental Technologies Inc.","article_modified_time":"2020-12-07T20:58:15+00:00","twitter_card":"summary_large_image","schema":{"@context":"https:\/\/schema.org","@graph":[{"@type":"WebPage","@id":"https:\/\/terragon.net\/fr\/plan-du-site\/","url":"https:\/\/terragon.net\/fr\/plan-du-site\/","name":"Plan du site - Terragon Environmental Technologies Inc.","isPartOf":{"@id":"https:\/\/terragon.net\/#website"},"datePublished":"2016-05-18T20:59:28+00:00","dateModified":"2020-12-07T20:58:15+00:00","breadcrumb":{"@id":"https:\/\/terragon.net\/fr\/plan-du-site\/#breadcrumb"},"inLanguage":"fr-FR","potentialAction":[{"@type":"ReadAction","target":["https:\/\/terragon.net\/fr\/plan-du-site\/"]}]},{"@type":"BreadcrumbList","@id":"https:\/\/terragon.net\/fr\/plan-du-site\/#breadcrumb","itemListElement":[{"@type":"ListItem","position":1,"name":"Home","item":"https:\/\/terragon.net\/fr\/"},{"@type":"ListItem","position":2,"name":"Plan du site"}]},{"@type":"WebSite","@id":"https:\/\/terragon.net\/#website","url":"https:\/\/terragon.net\/","name":"Terragon Environmental Technologies Inc.","description":"","publisher":{"@id":"https:\/\/terragon.net\/#organization"},"potentialAction":[{"@type":"SearchAction","target":{"@type":"EntryPoint","urlTemplate":"https:\/\/terragon.net\/?s={search_term_string}"},"query-input":{"@type":"PropertyValueSpecification","valueRequired":true,"valueName":"search_term_string"}}],"inLanguage":"fr-FR"},{"@type":"Organization","@id":"https:\/\/terragon.net\/#organization","name":"Terragon Environmental Technologies Inc.","url":"https:\/\/terragon.net\/","logo":{"@type":"ImageObject","inLanguage":"fr-FR","@id":"https:\/\/terragon.net\/#\/schema\/logo\/image\/","url":"https:\/\/terragon.net\/wp-content\/uploads\/2016\/05\/Terragon-logo-bi-lingual.png","contentUrl":"https:\/\/terragon.net\/wp-content\/uploads\/2016\/05\/Terragon-logo-bi-lingual.png","width":573,"height":341,"caption":"Terragon Environmental Technologies Inc."},"image":{"@id":"https:\/\/terragon.net\/#\/schema\/logo\/image\/"}}]}},"_links":{"self":[{"href":"https:\/\/terragon.net\/fr\/wp-json\/wp\/v2\/pages\/72","targetHints":{"allow":["GET"]}}],"collection":[{"href":"https:\/\/terragon.net\/fr\/wp-json\/wp\/v2\/pages"}],"about":[{"href":"https:\/\/terragon.net\/fr\/wp-json\/wp\/v2\/types\/page"}],"author":[{"embeddable":true,"href":"https:\/\/terragon.net\/fr\/wp-json\/wp\/v2\/users\/2"}],"replies":[{"embeddable":true,"href":"https:\/\/terragon.net\/fr\/wp-json\/wp\/v2\/comments?post=72"}],"version-history":[{"count":0,"href":"https:\/\/terragon.net\/fr\/wp-json\/wp\/v2\/pages\/72\/revisions"}],"wp:attachment":[{"href":"https:\/\/terragon.net\/fr\/wp-json\/wp\/v2\/media?parent=72"}],"curies":[{"name":"wp","href":"https:\/\/api.w.org\/{rel}","templated":true}]}}