{"id":58,"date":"2016-05-18T16:57:50","date_gmt":"2016-05-18T20:57:50","guid":{"rendered":"https:\/\/terragon.wpengine.com\/fr\/?page_id=58"},"modified":"2025-11-24T11:47:32","modified_gmt":"2025-11-24T16:47:32","slug":"contact","status":"publish","type":"page","link":"https:\/\/terragon.net\/fr\/contact\/","title":{"rendered":"Contact"},"content":{"rendered":"[vc_row full_width=\u00a0\u00bbstretch_row_content_no_spaces\u00a0\u00bb][vc_column][vc_raw_html]JTNDaWZyYW1lJTIwc3JjJTNEJTIyaHR0cHMlM0ElMkYlMkZ3d3cuZ29vZ2xlLmNvbSUyRm1hcHMlMkZlbWJlZCUzRnBiJTNEJTIxMW0xOCUyMTFtMTIlMjExbTMlMjExZDI3OTUuNTA1OTgxMjY5NjY1NCUyMTJkLTczLjY2ODM0NTg4Nzc5MzgyJTIxM2Q0NS41MjAwMjI1NzA5NTQyMDQlMjEybTMlMjExZjAlMjEyZjAlMjEzZjAlMjEzbTIlMjExaTEwMjQlMjEyaTc2OCUyMTRmMTMuMSUyMTNtMyUyMTFtMiUyMTFzMHg0Y2M5MWE4OWFjZGQ5ZTE5JTI1M0EweDQ0NTQ3NjU2ZDc1NWY0NTglMjEyc1RlcnJhZ29uJTIxNWUwJTIxM20yJTIxMXNlbiUyMTJzY2ElMjE0djE3NDc5NDU3MTU3NDMlMjE1bTIlMjExc2VuJTIxMnNjYSUyMiUyMHdpZHRoJTNEJTIyMTAwJTI1JTIyJTIwaGVpZ2h0JTNEJTIyNTAwJTIyJTIwc3R5bGUlM0QlMjJib3JkZXIlM0EwJTNCJTIyJTIwYWxsb3dmdWxsc2NyZWVuJTNEJTIyJTIyJTIwbG9hZGluZyUzRCUyMmxhenklMjIlMjByZWZlcnJlcnBvbGljeSUzRCUyMm5vLXJlZmVycmVyLXdoZW4tZG93bmdyYWRlJTIyJTNFJTNDJTJGaWZyYW1lJTNF[\/vc_raw_html][\/vc_column][\/vc_row][vc_row][vc_column width=\u00a0\u00bb1\/3&Prime; css=\u00a0\u00bb.vc_custom_1468269653087{padding-top: 20px !important;padding-right: 20px !important;padding-bottom: 20px !important;padding-left: 20px !important;background-color: #203d6f !important;}\u00a0\u00bb el_class=\u00a0\u00bbnap\u00a0\u00bb][vc_raw_html css=\u00a0\u00bb.vc_custom_1764002849919{margin-bottom: 20px !important;}\u00a0\u00bb]JTNDaDElM0VDb250YWN0ZXotbm91cyUzQyUyRmgxJTNFJTBBJTNDZGl2JTIwaXRlbXNjb3BlJTIwaXRlbXR5cGUlM0QlMjJodHRwJTNBJTJGJTJGc2NoZW1hLm9yZyUyRkNvcnBvcmF0aW9uJTIyJTIwY2xhc3MlM0QlMjJhZGRyZXNzLW9uLWNvbnRhY3QlMjIlM0UlMEElM0NkaXYlMjBpdGVtcHJvcCUzRCUyMm5hbWUlMjIlMjBzdHlsZSUzRCUyMm1hcmdpbi1sZWZ0JTNBJTIwMTBweCUzQiUyMGZvbnQtc2l6ZSUzQSUyMDEuMmVtJTNCJTIyJTNFVGVycmFnb24lMjBUZWNobm9sb2dpZXMlMjBkZSUyMGwlRTIlODAlOTlFbnZpcm9ubmVtZW50JTNDJTJGZGl2JTNFJTBBJTA5JTNDYnIlM0UlMEElM0NkaXYlMjBpdGVtcHJvcCUzRCUyMmFkZHJlc3MlMjIlMjBpdGVtc2NvcGUlMjBpdGVtdHlwZSUzRCUyMmh0dHAlM0ElMkYlMkZzY2hlbWEub3JnJTJGUG9zdGFsQWRkcmVzcyUyMiUzRSUwQSUzQ3VsJTNFJTBBJTA5JTNDbGklM0UlM0NpJTIwY2xhc3MlM0QlMjJmYSUyMGZhLW1hcC1tYXJrZXIlMjIlMjBhcmlhLWhpZGRlbiUzRCUyMnRydWUlMjIlM0UlM0MlMkZpJTNFJTNDZGl2JTIwY2xhc3MlM0QlMjJzaGlmdC1yaWdodCUyMiUzRSUzQ3NwYW4lMjBpdGVtcHJvcCUzRCUyMnN0cmVldEFkZHJlc3MlMjIlM0U2MjYlMjBTdGluc29uJTIwU3QlM0MlMkZzcGFuJTNFJTNDYnIlM0UlMEElMDklM0NzcGFuJTIwaXRlbXByb3AlM0QlMjJhZGRyZXNzTG9jYWxpdHklMjIlM0VNb250cmVhbCUzQyUyRnNwYW4lM0UlMkMlMjAlM0NzcGFuJTIwaXRlbXByb3AlM0QlMjJhZGRyZXNzUmVnaW9uJTIyJTNFUXVlYmVjJTNDJTJGc3BhbiUzRSUzQ2JyJTNFJTBBJTA5JTNDc3BhbiUyMGl0ZW1wcm9wJTNEJTIyYWRkcmVzc0NvdW50cnklMjIlM0VDYW5hZGElM0MlMkZzcGFuJTNFJTJDJTIwJTNDc3BhbiUyMGl0ZW1wcm9wJTNEJTIycG9zdGFsQ29kZSUyMiUzRUg0TiUyMDJFOSUzQyUyRnNwYW4lM0UlM0MlMkZkaXYlM0UlM0MlMkZsaSUzRSUwQSUzQyUyRnVsJTNFJTBBJTNDJTJGZGl2JTNFJTBBJTBBJTNDdWwlM0UlMEElMDklM0NsaSUzRSUzQ2g0JTNFVCVDMyVBOWwlQzMlQTlwaG9uZSUyMCUzQSUzQyUyRmg0JTNFJTIwJTNDJTJGbGklM0UlMEElMDklM0NsaSUzRSUzQ2klMjBjbGFzcyUzRCUyMmZhJTIwZmEtcGhvbmUlMjIlMjBhcmlhLWhpZGRlbiUzRCUyMnRydWUlMjIlM0UlM0MlMkZpJTNFJTNDZGl2JTIwY2xhc3MlM0QlMjJzaGlmdC1yaWdodCUyMiUzRSUzQ2ElMjBocmVmJTNEJTIydGVsJTNBMTUxNDkzODM3NzIlMjIlM0UlM0NzcGFuJTIwaXRlbXByb3AlM0QlMjJ0ZWxlcGhvbmUlMjIlMjBpZCUzRCUyMnBob25lJTIyJTNFJTI4NTE0JTI5JTIwOTM4LTM3NzIlM0MlMkZzcGFuJTNFJTNDJTJGYSUzRSUzQyUyRmRpdiUzRSUyMCUzQ2JyJTNFJTNDJTJGbGklM0UlMEElMDklM0NsaSUzRSUzQ2g0JTNFRmF4JTIwJTNBJTNDJTJGaDQlM0UlMjAlM0MlMkZsaSUzRSUwQSUwOSUzQ2xpJTNFJTNDaSUyMGNsYXNzJTNEJTIyZmElMjBmYS1mYXglMjIlMjBhcmlhLWhpZGRlbiUzRCUyMnRydWUlMjIlM0UlM0MlMkZpJTNFJTNDZGl2JTIwY2xhc3MlM0QlMjJzaGlmdC1yaWdodCUyMiUzRSUzQ3NwYW4lMjBpdGVtcHJvcCUzRCUyMmZheE51bWJlciUyMiUzRSUyODUxNCUyOSUyMDkzOC0wNzIxJTIwJTNDJTJGc3BhbiUzRSUzQyUyRmRpdiUzRSUzQyUyRmxpJTNFJTNDYnIlM0UlMEElMDklM0NsaSUzRSUzQ2g0JTNFQ291cnJpZWwlMjAlM0ElM0MlMkZoNCUzRSUyMCUzQyUyRmxpJTNFJTBBJTA5JTA5JTA5JTNDbGklM0UlM0NpJTIwY2xhc3MlM0QlMjJmYSUyMGZhLWVudmVsb3BlJTIyJTIwYXJpYS1oaWRkZW4lM0QlMjJ0cnVlJTIyJTNFJTNDJTJGaSUzRSUzQ2RpdiUyMGNsYXNzJTNEJTIyc2hpZnQtcmlnaHQlMjIlM0UlM0NhJTIwaHJlZiUzRCUyMm1haWx0byUzQW5vcm1hbi5zcGVuY2VyJTQwdGVycmFnb24ubmV0JTIyJTNFJTNDc3BhbiUyMGl0ZW1wcm9wJTNEJTIyZW1haWwlMjIlMjBpZCUzRCUyMmVtYWlsJTIyJTNFbm9ybWFuLnNwZW5jZXIlNDB0ZXJyYWdvbi5uZXQlM0MlMkZzcGFuJTNFJTNDJTJGYSUzRSUzQyUyRmRpdiUzRSUyMCUzQ2JyJTNFJTNDJTJGbGklM0UlMEElMEElMDklM0NsaSUzRSUzQ2klMjBjbGFzcyUzRCUyMmZhJTIwZmEtZW52ZWxvcGUlMjIlMjBhcmlhLWhpZGRlbiUzRCUyMnRydWUlMjIlM0UlM0MlMkZpJTNFJTNDZGl2JTIwY2xhc3MlM0QlMjJzaGlmdC1yaWdodCUyMiUzRSUzQ2ElMjBocmVmJTNEJTIybWFpbHRvJTNBc3VwcG9ydCU0MHRlcnJhZ29uLm5ldCUyMiUzRSUzQ3NwYW4lMjBpdGVtcHJvcCUzRCUyMmVtYWlsJTIyJTIwaWQlM0QlMjJlbWFpbCUyMiUzRXN1cHBvcnQlNDB0ZXJyYWdvbi5uZXQlM0MlMkZzcGFuJTNFJTNDJTJGYSUzRSUzQyUyRmRpdiUzRSUyMCUzQ2JyJTNFJTNDJTJGbGklM0UlMEElMDklM0MlMkZ1bCUzRSUwQSUzQyUyRmRpdiUzRSUwQQ==[\/vc_raw_html]<div class=\"vcex-module wpex-social-btns vcex-social-btns  wpb_animate_when_almost_visible wpb_left-to-right left-to-right\"><a href=\"https:\/\/www.facebook.com\/Terragon-Environmental-Technologies-357414624357784\" class=\"wpex-social-btn wpex-social-btn-flat wpex-social-color-hover wpex-round hvr hvr-grow-shadow wpex-facebook\" target=\"_blank\"><span class=\"fa fa-facebook\" aria-hidden=\"true\"><\/span><span class=\"screen-reader-text\">facebook<\/span><\/a><a href=\"https:\/\/www.linkedin.com\/company\/terragon-environmental-technologies\" class=\"wpex-social-btn wpex-social-btn-flat wpex-social-color-hover wpex-round hvr hvr-grow-shadow wpex-linkedin\" target=\"_blank\"><span class=\"fa fa-linkedin\" aria-hidden=\"true\"><\/span><span class=\"screen-reader-text\">linkedin<\/span><\/a><a href=\"https:\/\/www.youtube.com\/channel\/UCd5dDsV1jgtIe9IuuWYv91g\" class=\"wpex-social-btn wpex-social-btn-flat wpex-social-color-hover wpex-round hvr hvr-grow-shadow wpex-youtube\" target=\"_blank\"><span class=\"fa fa-youtube\" aria-hidden=\"true\"><\/span><span class=\"screen-reader-text\">youtube<\/span><\/a><\/div>[\/vc_column][vc_column width=\u00a0\u00bb2\/3&Prime; css=\u00a0\u00bb.vc_custom_1465917426127{margin-top: 50px !important;}\u00a0\u00bb][vc_column_text]\n<h1>Formulaire de demande d&rsquo;informations<\/h1>\n<p>Pour des questions g\u00e9n\u00e9rales \u00e0 propos de nos produits, veuillez nous contacter en utilisant le formulaire de demande d&rsquo;informations ci-dessous.<\/p>\n<p><script type=\"text\/javascript\" src=\"https:\/\/form.jotform.com\/jsform\/203494297962266\"><\/script>[\/vc_column_text][\/vc_column][\/vc_row]\n","protected":false},"excerpt":{"rendered":"<p>[vc_row full_width=\u00a0\u00bbstretch_row_content_no_spaces\u00a0\u00bb][vc_column][vc_raw_html]JTNDaWZyYW1lJTIwc3JjJTNEJTIyaHR0cHMlM0ElMkYlMkZ3d3cuZ29vZ2xlLmNvbSUyRm1hcHMlMkZlbWJlZCUzRnBiJTNEJTIxMW0xOCUyMTFtMTIlMjExbTMlMjExZDI3OTUuNTA1OTgxMjY5NjY1NCUyMTJkLTczLjY2ODM0NTg4Nzc5MzgyJTIxM2Q0NS41MjAwMjI1NzA5NTQyMDQlMjEybTMlMjExZjAlMjEyZjAlMjEzZjAlMjEzbTIlMjExaTEwMjQlMjEyaTc2OCUyMTRmMTMuMSUyMTNtMyUyMTFtMiUyMTFzMHg0Y2M5MWE4OWFjZGQ5ZTE5JTI1M0EweDQ0NTQ3NjU2ZDc1NWY0NTglMjEyc1RlcnJhZ29uJTIxNWUwJTIxM20yJTIxMXNlbiUyMTJzY2ElMjE0djE3NDc5NDU3MTU3NDMlMjE1bTIlMjExc2VuJTIxMnNjYSUyMiUyMHdpZHRoJTNEJTIyMTAwJTI1JTIyJTIwaGVpZ2h0JTNEJTIyNTAwJTIyJTIwc3R5bGUlM0QlMjJib3JkZXIlM0EwJTNCJTIyJTIwYWxsb3dmdWxsc2NyZWVuJTNEJTIyJTIyJTIwbG9hZGluZyUzRCUyMmxhenklMjIlMjByZWZlcnJlcnBvbGljeSUzRCUyMm5vLXJlZmVycmVyLXdoZW4tZG93bmdyYWRlJTIyJTNFJTNDJTJGaWZyYW1lJTNF[\/vc_raw_html][\/vc_column][\/vc_row][vc_row][vc_column width=\u00a0\u00bb1\/3&Prime; css=\u00a0\u00bb.vc_custom_1468269653087{padding-top: 20px !important;padding-right: 20px !important;padding-bottom: 20px !important;padding-left: 20px !important;background-color: #203d6f !important;}\u00a0\u00bb el_class=\u00a0\u00bbnap\u00a0\u00bb][vc_raw_html css=\u00a0\u00bb.vc_custom_1764002849919{margin-bottom: 20px !important;}\u00a0\u00bb]JTNDaDElM0VDb250YWN0ZXotbm91cyUzQyUyRmgxJTNFJTBBJTNDZGl2JTIwaXRlbXNjb3BlJTIwaXRlbXR5cGUlM0QlMjJodHRwJTNBJTJGJTJGc2NoZW1hLm9yZyUyRkNvcnBvcmF0aW9uJTIyJTIwY2xhc3MlM0QlMjJhZGRyZXNzLW9uLWNvbnRhY3QlMjIlM0UlMEElM0NkaXYlMjBpdGVtcHJvcCUzRCUyMm5hbWUlMjIlMjBzdHlsZSUzRCUyMm1hcmdpbi1sZWZ0JTNBJTIwMTBweCUzQiUyMGZvbnQtc2l6ZSUzQSUyMDEuMmVtJTNCJTIyJTNFVGVycmFnb24lMjBUZWNobm9sb2dpZXMlMjBkZSUyMGwlRTIlODAlOTlFbnZpcm9ubmVtZW50JTNDJTJGZGl2JTNFJTBBJTA5JTNDYnIlM0UlMEElM0NkaXYlMjBpdGVtcHJvcCUzRCUyMmFkZHJlc3MlMjIlMjBpdGVtc2NvcGUlMjBpdGVtdHlwZSUzRCUyMmh0dHAlM0ElMkYlMkZzY2hlbWEub3JnJTJGUG9zdGFsQWRkcmVzcyUyMiUzRSUwQSUzQ3VsJTNFJTBBJTA5JTNDbGklM0UlM0NpJTIwY2xhc3MlM0QlMjJmYSUyMGZhLW1hcC1tYXJrZXIlMjIlMjBhcmlhLWhpZGRlbiUzRCUyMnRydWUlMjIlM0UlM0MlMkZpJTNFJTNDZGl2JTIwY2xhc3MlM0QlMjJzaGlmdC1yaWdodCUyMiUzRSUzQ3NwYW4lMjBpdGVtcHJvcCUzRCUyMnN0cmVldEFkZHJlc3MlMjIlM0U2MjYlMjBTdGluc29uJTIwU3QlM0MlMkZzcGFuJTNFJTNDYnIlM0UlMEElMDklM0NzcGFuJTIwaXRlbXByb3AlM0QlMjJhZGRyZXNzTG9jYWxpdHklMjIlM0VNb250cmVhbCUzQyUyRnNwYW4lM0UlMkMlMjAlM0NzcGFuJTIwaXRlbXByb3AlM0QlMjJhZGRyZXNzUmVnaW9uJTIyJTNFUXVlYmVjJTNDJTJGc3BhbiUzRSUzQ2JyJTNFJTBBJTA5JTNDc3BhbiUyMGl0ZW1wcm9wJTNEJTIyYWRkcmVzc0NvdW50cnklMjIlM0VDYW5hZGElM0MlMkZzcGFuJTNFJTJDJTIwJTNDc3BhbiUyMGl0ZW1wcm9wJTNEJTIycG9zdGFsQ29kZSUyMiUzRUg0TiUyMDJFOSUzQyUyRnNwYW4lM0UlM0MlMkZkaXYlM0UlM0MlMkZsaSUzRSUwQSUzQyUyRnVsJTNFJTBBJTNDJTJGZGl2JTNFJTBBJTBBJTNDdWwlM0UlMEElMDklM0NsaSUzRSUzQ2g0JTNFVCVDMyVBOWwlQzMlQTlwaG9uZSUyMCUzQSUzQyUyRmg0JTNFJTIwJTNDJTJGbGklM0UlMEElMDklM0NsaSUzRSUzQ2klMjBjbGFzcyUzRCUyMmZhJTIwZmEtcGhvbmUlMjIlMjBhcmlhLWhpZGRlbiUzRCUyMnRydWUlMjIlM0UlM0MlMkZpJTNFJTNDZGl2JTIwY2xhc3MlM0QlMjJzaGlmdC1yaWdodCUyMiUzRSUzQ2ElMjBocmVmJTNEJTIydGVsJTNBMTUxNDkzODM3NzIlMjIlM0UlM0NzcGFuJTIwaXRlbXByb3AlM0QlMjJ0ZWxlcGhvbmUlMjIlMjBpZCUzRCUyMnBob25lJTIyJTNFJTI4NTE0JTI5JTIwOTM4LTM3NzIlM0MlMkZzcGFuJTNFJTNDJTJGYSUzRSUzQyUyRmRpdiUzRSUyMCUzQ2JyJTNFJTNDJTJGbGklM0UlMEElMDklM0NsaSUzRSUzQ2g0JTNFRmF4JTIwJTNBJTNDJTJGaDQlM0UlMjAlM0MlMkZsaSUzRSUwQSUwOSUzQ2xpJTNFJTNDaSUyMGNsYXNzJTNEJTIyZmElMjBmYS1mYXglMjIlMjBhcmlhLWhpZGRlbiUzRCUyMnRydWUlMjIlM0UlM0MlMkZpJTNFJTNDZGl2JTIwY2xhc3MlM0QlMjJzaGlmdC1yaWdodCUyMiUzRSUzQ3NwYW4lMjBpdGVtcHJvcCUzRCUyMmZheE51bWJlciUyMiUzRSUyODUxNCUyOSUyMDkzOC0wNzIxJTIwJTNDJTJGc3BhbiUzRSUzQyUyRmRpdiUzRSUzQyUyRmxpJTNFJTNDYnIlM0UlMEElMDklM0NsaSUzRSUzQ2g0JTNFQ291cnJpZWwlMjAlM0ElM0MlMkZoNCUzRSUyMCUzQyUyRmxpJTNFJTBBJTA5JTA5JTA5JTNDbGklM0UlM0NpJTIwY2xhc3MlM0QlMjJmYSUyMGZhLWVudmVsb3BlJTIyJTIwYXJpYS1oaWRkZW4lM0QlMjJ0cnVlJTIyJTNFJTNDJTJGaSUzRSUzQ2RpdiUyMGNsYXNzJTNEJTIyc2hpZnQtcmlnaHQlMjIlM0UlM0NhJTIwaHJlZiUzRCUyMm1haWx0byUzQW5vcm1hbi5zcGVuY2VyJTQwdGVycmFnb24ubmV0JTIyJTNFJTNDc3BhbiUyMGl0ZW1wcm9wJTNEJTIyZW1haWwlMjIlMjBpZCUzRCUyMmVtYWlsJTIyJTNFbm9ybWFuLnNwZW5jZXIlNDB0ZXJyYWdvbi5uZXQlM0MlMkZzcGFuJTNFJTNDJTJGYSUzRSUzQyUyRmRpdiUzRSUyMCUzQ2JyJTNFJTNDJTJGbGklM0UlMEElMEElMDklM0NsaSUzRSUzQ2klMjBjbGFzcyUzRCUyMmZhJTIwZmEtZW52ZWxvcGUlMjIlMjBhcmlhLWhpZGRlbiUzRCUyMnRydWUlMjIlM0UlM0MlMkZpJTNFJTNDZGl2JTIwY2xhc3MlM0QlMjJzaGlmdC1yaWdodCUyMiUzRSUzQ2ElMjBocmVmJTNEJTIybWFpbHRvJTNBc3VwcG9ydCU0MHRlcnJhZ29uLm5ldCUyMiUzRSUzQ3NwYW4lMjBpdGVtcHJvcCUzRCUyMmVtYWlsJTIyJTIwaWQlM0QlMjJlbWFpbCUyMiUzRXN1cHBvcnQlNDB0ZXJyYWdvbi5uZXQlM0MlMkZzcGFuJTNFJTNDJTJGYSUzRSUzQyUyRmRpdiUzRSUyMCUzQ2JyJTNFJTNDJTJGbGklM0UlMEElMDklM0MlMkZ1bCUzRSUwQSUzQyUyRmRpdiUzRSUwQQ==[\/vc_raw_html][\/vc_column][vc_column width=\u00a0\u00bb2\/3&Prime; css=\u00a0\u00bb.vc_custom_1465917426127{margin-top: 50px !important;}\u00a0\u00bb][vc_column_text] Formulaire de demande d&rsquo;informations Pour des questions g\u00e9n\u00e9rales \u00e0 propos de nos produits, veuillez nous contacter en utilisant&hellip;<\/p>\n","protected":false},"author":2,"featured_media":0,"parent":0,"menu_order":80,"comment_status":"closed","ping_status":"closed","template":"","meta":{"footnotes":""},"class_list":["post-58","page","type-page","status-publish","hentry","entry","no-media"],"yoast_head":"<!-- This site is optimized with the Yoast SEO plugin v26.8 - https:\/\/yoast.com\/product\/yoast-seo-wordpress\/ -->\n<title>Contact - Terragon Environmental Technologies Inc.<\/title>\n<meta name=\"robots\" content=\"index, follow, max-snippet:-1, max-image-preview:large, max-video-preview:-1\" \/>\n<link rel=\"canonical\" href=\"https:\/\/terragon.net\/fr\/contact\/\" \/>\n<meta property=\"og:locale\" content=\"fr_FR\" \/>\n<meta property=\"og:type\" content=\"article\" \/>\n<meta property=\"og:title\" content=\"Contact - Terragon Environmental Technologies Inc.\" \/>\n<meta property=\"og:description\" content=\"[vc_row full_width=\u00a0\u00bbstretch_row_content_no_spaces\u00a0\u00bb][vc_column][vc_raw_html]JTNDaWZyYW1lJTIwc3JjJTNEJTIyaHR0cHMlM0ElMkYlMkZ3d3cuZ29vZ2xlLmNvbSUyRm1hcHMlMkZlbWJlZCUzRnBiJTNEJTIxMW0xOCUyMTFtMTIlMjExbTMlMjExZDI3OTUuNTA1OTgxMjY5NjY1NCUyMTJkLTczLjY2ODM0NTg4Nzc5MzgyJTIxM2Q0NS41MjAwMjI1NzA5NTQyMDQlMjEybTMlMjExZjAlMjEyZjAlMjEzZjAlMjEzbTIlMjExaTEwMjQlMjEyaTc2OCUyMTRmMTMuMSUyMTNtMyUyMTFtMiUyMTFzMHg0Y2M5MWE4OWFjZGQ5ZTE5JTI1M0EweDQ0NTQ3NjU2ZDc1NWY0NTglMjEyc1RlcnJhZ29uJTIxNWUwJTIxM20yJTIxMXNlbiUyMTJzY2ElMjE0djE3NDc5NDU3MTU3NDMlMjE1bTIlMjExc2VuJTIxMnNjYSUyMiUyMHdpZHRoJTNEJTIyMTAwJTI1JTIyJTIwaGVpZ2h0JTNEJTIyNTAwJTIyJTIwc3R5bGUlM0QlMjJib3JkZXIlM0EwJTNCJTIyJTIwYWxsb3dmdWxsc2NyZWVuJTNEJTIyJTIyJTIwbG9hZGluZyUzRCUyMmxhenklMjIlMjByZWZlcnJlcnBvbGljeSUzRCUyMm5vLXJlZmVycmVyLXdoZW4tZG93bmdyYWRlJTIyJTNFJTNDJTJGaWZyYW1lJTNF[\/vc_raw_html][\/vc_column][\/vc_row][vc_row][vc_column width=\u00a0\u00bb1\/3&Prime; css=\u00a0\u00bb.vc_custom_1468269653087{padding-top: 20px !important;padding-right: 20px !important;padding-bottom: 20px !important;padding-left: 20px !important;background-color: #203d6f !important;}\u00a0\u00bb el_class=\u00a0\u00bbnap\u00a0\u00bb][vc_raw_html css=\u00a0\u00bb.vc_custom_1764002849919{margin-bottom: 20px !important;}\u00a0\u00bb]JTNDaDElM0VDb250YWN0ZXotbm91cyUzQyUyRmgxJTNFJTBBJTNDZGl2JTIwaXRlbXNjb3BlJTIwaXRlbXR5cGUlM0QlMjJodHRwJTNBJTJGJTJGc2NoZW1hLm9yZyUyRkNvcnBvcmF0aW9uJTIyJTIwY2xhc3MlM0QlMjJhZGRyZXNzLW9uLWNvbnRhY3QlMjIlM0UlMEElM0NkaXYlMjBpdGVtcHJvcCUzRCUyMm5hbWUlMjIlMjBzdHlsZSUzRCUyMm1hcmdpbi1sZWZ0JTNBJTIwMTBweCUzQiUyMGZvbnQtc2l6ZSUzQSUyMDEuMmVtJTNCJTIyJTNFVGVycmFnb24lMjBUZWNobm9sb2dpZXMlMjBkZSUyMGwlRTIlODAlOTlFbnZpcm9ubmVtZW50JTNDJTJGZGl2JTNFJTBBJTA5JTNDYnIlM0UlMEElM0NkaXYlMjBpdGVtcHJvcCUzRCUyMmFkZHJlc3MlMjIlMjBpdGVtc2NvcGUlMjBpdGVtdHlwZSUzRCUyMmh0dHAlM0ElMkYlMkZzY2hlbWEub3JnJTJGUG9zdGFsQWRkcmVzcyUyMiUzRSUwQSUzQ3VsJTNFJTBBJTA5JTNDbGklM0UlM0NpJTIwY2xhc3MlM0QlMjJmYSUyMGZhLW1hcC1tYXJrZXIlMjIlMjBhcmlhLWhpZGRlbiUzRCUyMnRydWUlMjIlM0UlM0MlMkZpJTNFJTNDZGl2JTIwY2xhc3MlM0QlMjJzaGlmdC1yaWdodCUyMiUzRSUzQ3NwYW4lMjBpdGVtcHJvcCUzRCUyMnN0cmVldEFkZHJlc3MlMjIlM0U2MjYlMjBTdGluc29uJTIwU3QlM0MlMkZzcGFuJTNFJTNDYnIlM0UlMEElMDklM0NzcGFuJTIwaXRlbXByb3AlM0QlMjJhZGRyZXNzTG9jYWxpdHklMjIlM0VNb250cmVhbCUzQyUyRnNwYW4lM0UlMkMlMjAlM0NzcGFuJTIwaXRlbXByb3AlM0QlMjJhZGRyZXNzUmVnaW9uJTIyJTNFUXVlYmVjJTNDJTJGc3BhbiUzRSUzQ2JyJTNFJTBBJTA5JTNDc3BhbiUyMGl0ZW1wcm9wJTNEJTIyYWRkcmVzc0NvdW50cnklMjIlM0VDYW5hZGElM0MlMkZzcGFuJTNFJTJDJTIwJTNDc3BhbiUyMGl0ZW1wcm9wJTNEJTIycG9zdGFsQ29kZSUyMiUzRUg0TiUyMDJFOSUzQyUyRnNwYW4lM0UlM0MlMkZkaXYlM0UlM0MlMkZsaSUzRSUwQSUzQyUyRnVsJTNFJTBBJTNDJTJGZGl2JTNFJTBBJTBBJTNDdWwlM0UlMEElMDklM0NsaSUzRSUzQ2g0JTNFVCVDMyVBOWwlQzMlQTlwaG9uZSUyMCUzQSUzQyUyRmg0JTNFJTIwJTNDJTJGbGklM0UlMEElMDklM0NsaSUzRSUzQ2klMjBjbGFzcyUzRCUyMmZhJTIwZmEtcGhvbmUlMjIlMjBhcmlhLWhpZGRlbiUzRCUyMnRydWUlMjIlM0UlM0MlMkZpJTNFJTNDZGl2JTIwY2xhc3MlM0QlMjJzaGlmdC1yaWdodCUyMiUzRSUzQ2ElMjBocmVmJTNEJTIydGVsJTNBMTUxNDkzODM3NzIlMjIlM0UlM0NzcGFuJTIwaXRlbXByb3AlM0QlMjJ0ZWxlcGhvbmUlMjIlMjBpZCUzRCUyMnBob25lJTIyJTNFJTI4NTE0JTI5JTIwOTM4LTM3NzIlM0MlMkZzcGFuJTNFJTNDJTJGYSUzRSUzQyUyRmRpdiUzRSUyMCUzQ2JyJTNFJTNDJTJGbGklM0UlMEElMDklM0NsaSUzRSUzQ2g0JTNFRmF4JTIwJTNBJTNDJTJGaDQlM0UlMjAlM0MlMkZsaSUzRSUwQSUwOSUzQ2xpJTNFJTNDaSUyMGNsYXNzJTNEJTIyZmElMjBmYS1mYXglMjIlMjBhcmlhLWhpZGRlbiUzRCUyMnRydWUlMjIlM0UlM0MlMkZpJTNFJTNDZGl2JTIwY2xhc3MlM0QlMjJzaGlmdC1yaWdodCUyMiUzRSUzQ3NwYW4lMjBpdGVtcHJvcCUzRCUyMmZheE51bWJlciUyMiUzRSUyODUxNCUyOSUyMDkzOC0wNzIxJTIwJTNDJTJGc3BhbiUzRSUzQyUyRmRpdiUzRSUzQyUyRmxpJTNFJTNDYnIlM0UlMEElMDklM0NsaSUzRSUzQ2g0JTNFQ291cnJpZWwlMjAlM0ElM0MlMkZoNCUzRSUyMCUzQyUyRmxpJTNFJTBBJTA5JTA5JTA5JTNDbGklM0UlM0NpJTIwY2xhc3MlM0QlMjJmYSUyMGZhLWVudmVsb3BlJTIyJTIwYXJpYS1oaWRkZW4lM0QlMjJ0cnVlJTIyJTNFJTNDJTJGaSUzRSUzQ2RpdiUyMGNsYXNzJTNEJTIyc2hpZnQtcmlnaHQlMjIlM0UlM0NhJTIwaHJlZiUzRCUyMm1haWx0byUzQW5vcm1hbi5zcGVuY2VyJTQwdGVycmFnb24ubmV0JTIyJTNFJTNDc3BhbiUyMGl0ZW1wcm9wJTNEJTIyZW1haWwlMjIlMjBpZCUzRCUyMmVtYWlsJTIyJTNFbm9ybWFuLnNwZW5jZXIlNDB0ZXJyYWdvbi5uZXQlM0MlMkZzcGFuJTNFJTNDJTJGYSUzRSUzQyUyRmRpdiUzRSUyMCUzQ2JyJTNFJTNDJTJGbGklM0UlMEElMEElMDklM0NsaSUzRSUzQ2klMjBjbGFzcyUzRCUyMmZhJTIwZmEtZW52ZWxvcGUlMjIlMjBhcmlhLWhpZGRlbiUzRCUyMnRydWUlMjIlM0UlM0MlMkZpJTNFJTNDZGl2JTIwY2xhc3MlM0QlMjJzaGlmdC1yaWdodCUyMiUzRSUzQ2ElMjBocmVmJTNEJTIybWFpbHRvJTNBc3VwcG9ydCU0MHRlcnJhZ29uLm5ldCUyMiUzRSUzQ3NwYW4lMjBpdGVtcHJvcCUzRCUyMmVtYWlsJTIyJTIwaWQlM0QlMjJlbWFpbCUyMiUzRXN1cHBvcnQlNDB0ZXJyYWdvbi5uZXQlM0MlMkZzcGFuJTNFJTNDJTJGYSUzRSUzQyUyRmRpdiUzRSUyMCUzQ2JyJTNFJTNDJTJGbGklM0UlMEElMDklM0MlMkZ1bCUzRSUwQSUzQyUyRmRpdiUzRSUwQQ==[\/vc_raw_html][\/vc_column][vc_column width=\u00a0\u00bb2\/3&Prime; css=\u00a0\u00bb.vc_custom_1465917426127{margin-top: 50px !important;}\u00a0\u00bb][vc_column_text] Formulaire de demande d&rsquo;informations Pour des questions g\u00e9n\u00e9rales \u00e0 propos de nos produits, veuillez nous contacter en utilisant&hellip;\" \/>\n<meta property=\"og:url\" content=\"https:\/\/terragon.net\/fr\/contact\/\" \/>\n<meta property=\"og:site_name\" content=\"Terragon Environmental Technologies Inc.\" \/>\n<meta property=\"article:modified_time\" content=\"2025-11-24T16:47:32+00:00\" \/>\n<meta name=\"twitter:card\" content=\"summary_large_image\" \/>\n<meta name=\"twitter:label1\" content=\"Est. reading time\" \/>\n\t<meta name=\"twitter:data1\" content=\"1 minute\" \/>\n<script type=\"application\/ld+json\" class=\"yoast-schema-graph\">{\"@context\":\"https:\/\/schema.org\",\"@graph\":[{\"@type\":\"WebPage\",\"@id\":\"https:\/\/terragon.net\/fr\/contact\/\",\"url\":\"https:\/\/terragon.net\/fr\/contact\/\",\"name\":\"Contact - Terragon Environmental Technologies Inc.\",\"isPartOf\":{\"@id\":\"https:\/\/terragon.net\/#website\"},\"datePublished\":\"2016-05-18T20:57:50+00:00\",\"dateModified\":\"2025-11-24T16:47:32+00:00\",\"breadcrumb\":{\"@id\":\"https:\/\/terragon.net\/fr\/contact\/#breadcrumb\"},\"inLanguage\":\"fr-FR\",\"potentialAction\":[{\"@type\":\"ReadAction\",\"target\":[\"https:\/\/terragon.net\/fr\/contact\/\"]}]},{\"@type\":\"BreadcrumbList\",\"@id\":\"https:\/\/terragon.net\/fr\/contact\/#breadcrumb\",\"itemListElement\":[{\"@type\":\"ListItem\",\"position\":1,\"name\":\"Home\",\"item\":\"https:\/\/terragon.net\/fr\/\"},{\"@type\":\"ListItem\",\"position\":2,\"name\":\"Contact\"}]},{\"@type\":\"WebSite\",\"@id\":\"https:\/\/terragon.net\/#website\",\"url\":\"https:\/\/terragon.net\/\",\"name\":\"Terragon Environmental Technologies Inc.\",\"description\":\"\",\"publisher\":{\"@id\":\"https:\/\/terragon.net\/#organization\"},\"potentialAction\":[{\"@type\":\"SearchAction\",\"target\":{\"@type\":\"EntryPoint\",\"urlTemplate\":\"https:\/\/terragon.net\/?s={search_term_string}\"},\"query-input\":{\"@type\":\"PropertyValueSpecification\",\"valueRequired\":true,\"valueName\":\"search_term_string\"}}],\"inLanguage\":\"fr-FR\"},{\"@type\":\"Organization\",\"@id\":\"https:\/\/terragon.net\/#organization\",\"name\":\"Terragon Environmental Technologies Inc.\",\"url\":\"https:\/\/terragon.net\/\",\"logo\":{\"@type\":\"ImageObject\",\"inLanguage\":\"fr-FR\",\"@id\":\"https:\/\/terragon.net\/#\/schema\/logo\/image\/\",\"url\":\"https:\/\/terragon.net\/wp-content\/uploads\/2016\/05\/Terragon-logo-bi-lingual.png\",\"contentUrl\":\"https:\/\/terragon.net\/wp-content\/uploads\/2016\/05\/Terragon-logo-bi-lingual.png\",\"width\":573,\"height\":341,\"caption\":\"Terragon Environmental Technologies Inc.\"},\"image\":{\"@id\":\"https:\/\/terragon.net\/#\/schema\/logo\/image\/\"}}]}<\/script>\n<!-- \/ Yoast SEO plugin. -->","yoast_head_json":{"title":"Contact - Terragon Environmental Technologies Inc.","robots":{"index":"index","follow":"follow","max-snippet":"max-snippet:-1","max-image-preview":"max-image-preview:large","max-video-preview":"max-video-preview:-1"},"canonical":"https:\/\/terragon.net\/fr\/contact\/","og_locale":"fr_FR","og_type":"article","og_title":"Contact - Terragon Environmental Technologies Inc.","og_description":"[vc_row full_width=\u00a0\u00bbstretch_row_content_no_spaces\u00a0\u00bb][vc_column][vc_raw_html]JTNDaWZyYW1lJTIwc3JjJTNEJTIyaHR0cHMlM0ElMkYlMkZ3d3cuZ29vZ2xlLmNvbSUyRm1hcHMlMkZlbWJlZCUzRnBiJTNEJTIxMW0xOCUyMTFtMTIlMjExbTMlMjExZDI3OTUuNTA1OTgxMjY5NjY1NCUyMTJkLTczLjY2ODM0NTg4Nzc5MzgyJTIxM2Q0NS41MjAwMjI1NzA5NTQyMDQlMjEybTMlMjExZjAlMjEyZjAlMjEzZjAlMjEzbTIlMjExaTEwMjQlMjEyaTc2OCUyMTRmMTMuMSUyMTNtMyUyMTFtMiUyMTFzMHg0Y2M5MWE4OWFjZGQ5ZTE5JTI1M0EweDQ0NTQ3NjU2ZDc1NWY0NTglMjEyc1RlcnJhZ29uJTIxNWUwJTIxM20yJTIxMXNlbiUyMTJzY2ElMjE0djE3NDc5NDU3MTU3NDMlMjE1bTIlMjExc2VuJTIxMnNjYSUyMiUyMHdpZHRoJTNEJTIyMTAwJTI1JTIyJTIwaGVpZ2h0JTNEJTIyNTAwJTIyJTIwc3R5bGUlM0QlMjJib3JkZXIlM0EwJTNCJTIyJTIwYWxsb3dmdWxsc2NyZWVuJTNEJTIyJTIyJTIwbG9hZGluZyUzRCUyMmxhenklMjIlMjByZWZlcnJlcnBvbGljeSUzRCUyMm5vLXJlZmVycmVyLXdoZW4tZG93bmdyYWRlJTIyJTNFJTNDJTJGaWZyYW1lJTNF[\/vc_raw_html][\/vc_column][\/vc_row][vc_row][vc_column width=\u00a0\u00bb1\/3&Prime; css=\u00a0\u00bb.vc_custom_1468269653087{padding-top: 20px !important;padding-right: 20px !important;padding-bottom: 20px !important;padding-left: 20px !important;background-color: #203d6f !important;}\u00a0\u00bb el_class=\u00a0\u00bbnap\u00a0\u00bb][vc_raw_html css=\u00a0\u00bb.vc_custom_1764002849919{margin-bottom: 20px !important;}\u00a0\u00bb]JTNDaDElM0VDb250YWN0ZXotbm91cyUzQyUyRmgxJTNFJTBBJTNDZGl2JTIwaXRlbXNjb3BlJTIwaXRlbXR5cGUlM0QlMjJodHRwJTNBJTJGJTJGc2NoZW1hLm9yZyUyRkNvcnBvcmF0aW9uJTIyJTIwY2xhc3MlM0QlMjJhZGRyZXNzLW9uLWNvbnRhY3QlMjIlM0UlMEElM0NkaXYlMjBpdGVtcHJvcCUzRCUyMm5hbWUlMjIlMjBzdHlsZSUzRCUyMm1hcmdpbi1sZWZ0JTNBJTIwMTBweCUzQiUyMGZvbnQtc2l6ZSUzQSUyMDEuMmVtJTNCJTIyJTNFVGVycmFnb24lMjBUZWNobm9sb2dpZXMlMjBkZSUyMGwlRTIlODAlOTlFbnZpcm9ubmVtZW50JTNDJTJGZGl2JTNFJTBBJTA5JTNDYnIlM0UlMEElM0NkaXYlMjBpdGVtcHJvcCUzRCUyMmFkZHJlc3MlMjIlMjBpdGVtc2NvcGUlMjBpdGVtdHlwZSUzRCUyMmh0dHAlM0ElMkYlMkZzY2hlbWEub3JnJTJGUG9zdGFsQWRkcmVzcyUyMiUzRSUwQSUzQ3VsJTNFJTBBJTA5JTNDbGklM0UlM0NpJTIwY2xhc3MlM0QlMjJmYSUyMGZhLW1hcC1tYXJrZXIlMjIlMjBhcmlhLWhpZGRlbiUzRCUyMnRydWUlMjIlM0UlM0MlMkZpJTNFJTNDZGl2JTIwY2xhc3MlM0QlMjJzaGlmdC1yaWdodCUyMiUzRSUzQ3NwYW4lMjBpdGVtcHJvcCUzRCUyMnN0cmVldEFkZHJlc3MlMjIlM0U2MjYlMjBTdGluc29uJTIwU3QlM0MlMkZzcGFuJTNFJTNDYnIlM0UlMEElMDklM0NzcGFuJTIwaXRlbXByb3AlM0QlMjJhZGRyZXNzTG9jYWxpdHklMjIlM0VNb250cmVhbCUzQyUyRnNwYW4lM0UlMkMlMjAlM0NzcGFuJTIwaXRlbXByb3AlM0QlMjJhZGRyZXNzUmVnaW9uJTIyJTNFUXVlYmVjJTNDJTJGc3BhbiUzRSUzQ2JyJTNFJTBBJTA5JTNDc3BhbiUyMGl0ZW1wcm9wJTNEJTIyYWRkcmVzc0NvdW50cnklMjIlM0VDYW5hZGElM0MlMkZzcGFuJTNFJTJDJTIwJTNDc3BhbiUyMGl0ZW1wcm9wJTNEJTIycG9zdGFsQ29kZSUyMiUzRUg0TiUyMDJFOSUzQyUyRnNwYW4lM0UlM0MlMkZkaXYlM0UlM0MlMkZsaSUzRSUwQSUzQyUyRnVsJTNFJTBBJTNDJTJGZGl2JTNFJTBBJTBBJTNDdWwlM0UlMEElMDklM0NsaSUzRSUzQ2g0JTNFVCVDMyVBOWwlQzMlQTlwaG9uZSUyMCUzQSUzQyUyRmg0JTNFJTIwJTNDJTJGbGklM0UlMEElMDklM0NsaSUzRSUzQ2klMjBjbGFzcyUzRCUyMmZhJTIwZmEtcGhvbmUlMjIlMjBhcmlhLWhpZGRlbiUzRCUyMnRydWUlMjIlM0UlM0MlMkZpJTNFJTNDZGl2JTIwY2xhc3MlM0QlMjJzaGlmdC1yaWdodCUyMiUzRSUzQ2ElMjBocmVmJTNEJTIydGVsJTNBMTUxNDkzODM3NzIlMjIlM0UlM0NzcGFuJTIwaXRlbXByb3AlM0QlMjJ0ZWxlcGhvbmUlMjIlMjBpZCUzRCUyMnBob25lJTIyJTNFJTI4NTE0JTI5JTIwOTM4LTM3NzIlM0MlMkZzcGFuJTNFJTNDJTJGYSUzRSUzQyUyRmRpdiUzRSUyMCUzQ2JyJTNFJTNDJTJGbGklM0UlMEElMDklM0NsaSUzRSUzQ2g0JTNFRmF4JTIwJTNBJTNDJTJGaDQlM0UlMjAlM0MlMkZsaSUzRSUwQSUwOSUzQ2xpJTNFJTNDaSUyMGNsYXNzJTNEJTIyZmElMjBmYS1mYXglMjIlMjBhcmlhLWhpZGRlbiUzRCUyMnRydWUlMjIlM0UlM0MlMkZpJTNFJTNDZGl2JTIwY2xhc3MlM0QlMjJzaGlmdC1yaWdodCUyMiUzRSUzQ3NwYW4lMjBpdGVtcHJvcCUzRCUyMmZheE51bWJlciUyMiUzRSUyODUxNCUyOSUyMDkzOC0wNzIxJTIwJTNDJTJGc3BhbiUzRSUzQyUyRmRpdiUzRSUzQyUyRmxpJTNFJTNDYnIlM0UlMEElMDklM0NsaSUzRSUzQ2g0JTNFQ291cnJpZWwlMjAlM0ElM0MlMkZoNCUzRSUyMCUzQyUyRmxpJTNFJTBBJTA5JTA5JTA5JTNDbGklM0UlM0NpJTIwY2xhc3MlM0QlMjJmYSUyMGZhLWVudmVsb3BlJTIyJTIwYXJpYS1oaWRkZW4lM0QlMjJ0cnVlJTIyJTNFJTNDJTJGaSUzRSUzQ2RpdiUyMGNsYXNzJTNEJTIyc2hpZnQtcmlnaHQlMjIlM0UlM0NhJTIwaHJlZiUzRCUyMm1haWx0byUzQW5vcm1hbi5zcGVuY2VyJTQwdGVycmFnb24ubmV0JTIyJTNFJTNDc3BhbiUyMGl0ZW1wcm9wJTNEJTIyZW1haWwlMjIlMjBpZCUzRCUyMmVtYWlsJTIyJTNFbm9ybWFuLnNwZW5jZXIlNDB0ZXJyYWdvbi5uZXQlM0MlMkZzcGFuJTNFJTNDJTJGYSUzRSUzQyUyRmRpdiUzRSUyMCUzQ2JyJTNFJTNDJTJGbGklM0UlMEElMEElMDklM0NsaSUzRSUzQ2klMjBjbGFzcyUzRCUyMmZhJTIwZmEtZW52ZWxvcGUlMjIlMjBhcmlhLWhpZGRlbiUzRCUyMnRydWUlMjIlM0UlM0MlMkZpJTNFJTNDZGl2JTIwY2xhc3MlM0QlMjJzaGlmdC1yaWdodCUyMiUzRSUzQ2ElMjBocmVmJTNEJTIybWFpbHRvJTNBc3VwcG9ydCU0MHRlcnJhZ29uLm5ldCUyMiUzRSUzQ3NwYW4lMjBpdGVtcHJvcCUzRCUyMmVtYWlsJTIyJTIwaWQlM0QlMjJlbWFpbCUyMiUzRXN1cHBvcnQlNDB0ZXJyYWdvbi5uZXQlM0MlMkZzcGFuJTNFJTNDJTJGYSUzRSUzQyUyRmRpdiUzRSUyMCUzQ2JyJTNFJTNDJTJGbGklM0UlMEElMDklM0MlMkZ1bCUzRSUwQSUzQyUyRmRpdiUzRSUwQQ==[\/vc_raw_html][\/vc_column][vc_column width=\u00a0\u00bb2\/3&Prime; css=\u00a0\u00bb.vc_custom_1465917426127{margin-top: 50px !important;}\u00a0\u00bb][vc_column_text] Formulaire de demande d&rsquo;informations Pour des questions g\u00e9n\u00e9rales \u00e0 propos de nos produits, veuillez nous contacter en utilisant&hellip;","og_url":"https:\/\/terragon.net\/fr\/contact\/","og_site_name":"Terragon Environmental Technologies Inc.","article_modified_time":"2025-11-24T16:47:32+00:00","twitter_card":"summary_large_image","twitter_misc":{"Est. reading time":"1 minute"},"schema":{"@context":"https:\/\/schema.org","@graph":[{"@type":"WebPage","@id":"https:\/\/terragon.net\/fr\/contact\/","url":"https:\/\/terragon.net\/fr\/contact\/","name":"Contact - Terragon Environmental Technologies Inc.","isPartOf":{"@id":"https:\/\/terragon.net\/#website"},"datePublished":"2016-05-18T20:57:50+00:00","dateModified":"2025-11-24T16:47:32+00:00","breadcrumb":{"@id":"https:\/\/terragon.net\/fr\/contact\/#breadcrumb"},"inLanguage":"fr-FR","potentialAction":[{"@type":"ReadAction","target":["https:\/\/terragon.net\/fr\/contact\/"]}]},{"@type":"BreadcrumbList","@id":"https:\/\/terragon.net\/fr\/contact\/#breadcrumb","itemListElement":[{"@type":"ListItem","position":1,"name":"Home","item":"https:\/\/terragon.net\/fr\/"},{"@type":"ListItem","position":2,"name":"Contact"}]},{"@type":"WebSite","@id":"https:\/\/terragon.net\/#website","url":"https:\/\/terragon.net\/","name":"Terragon Environmental Technologies Inc.","description":"","publisher":{"@id":"https:\/\/terragon.net\/#organization"},"potentialAction":[{"@type":"SearchAction","target":{"@type":"EntryPoint","urlTemplate":"https:\/\/terragon.net\/?s={search_term_string}"},"query-input":{"@type":"PropertyValueSpecification","valueRequired":true,"valueName":"search_term_string"}}],"inLanguage":"fr-FR"},{"@type":"Organization","@id":"https:\/\/terragon.net\/#organization","name":"Terragon Environmental Technologies Inc.","url":"https:\/\/terragon.net\/","logo":{"@type":"ImageObject","inLanguage":"fr-FR","@id":"https:\/\/terragon.net\/#\/schema\/logo\/image\/","url":"https:\/\/terragon.net\/wp-content\/uploads\/2016\/05\/Terragon-logo-bi-lingual.png","contentUrl":"https:\/\/terragon.net\/wp-content\/uploads\/2016\/05\/Terragon-logo-bi-lingual.png","width":573,"height":341,"caption":"Terragon Environmental Technologies Inc."},"image":{"@id":"https:\/\/terragon.net\/#\/schema\/logo\/image\/"}}]}},"_links":{"self":[{"href":"https:\/\/terragon.net\/fr\/wp-json\/wp\/v2\/pages\/58","targetHints":{"allow":["GET"]}}],"collection":[{"href":"https:\/\/terragon.net\/fr\/wp-json\/wp\/v2\/pages"}],"about":[{"href":"https:\/\/terragon.net\/fr\/wp-json\/wp\/v2\/types\/page"}],"author":[{"embeddable":true,"href":"https:\/\/terragon.net\/fr\/wp-json\/wp\/v2\/users\/2"}],"replies":[{"embeddable":true,"href":"https:\/\/terragon.net\/fr\/wp-json\/wp\/v2\/comments?post=58"}],"version-history":[{"count":0,"href":"https:\/\/terragon.net\/fr\/wp-json\/wp\/v2\/pages\/58\/revisions"}],"wp:attachment":[{"href":"https:\/\/terragon.net\/fr\/wp-json\/wp\/v2\/media?parent=58"}],"curies":[{"name":"wp","href":"https:\/\/api.w.org\/{rel}","templated":true}]}}