{"id":55,"date":"2016-05-18T16:57:38","date_gmt":"2016-05-18T20:57:38","guid":{"rendered":"https:\/\/terragon.wpengine.com\/fr\/?page_id=55"},"modified":"2021-01-06T13:10:26","modified_gmt":"2021-01-06T18:10:26","slug":"realisations","status":"publish","type":"page","link":"https:\/\/terragon.net\/fr\/realisations\/","title":{"rendered":"Prix gagn\u00e9s"},"content":{"rendered":"[vc_row][vc_column][vc_column_text]MAGS<sup>TM<\/sup> et WETT<sup>TM<\/sup> ont re\u00e7u plusieurs prix d\u2019innovation et de reconnaissance par de nombreux organismes internationaux au cours des derni\u00e8res ann\u00e9es. En voici quelques uns:[\/vc_column_text][vc_row_inner][vc_column_inner width=\u00a0\u00bb1\/2&Prime;][vc_column_text]<img loading=\"lazy\" decoding=\"async\" class=\"wp-image-2034 aligncenter\" src=\"https:\/\/terragon.net\/wp-content\/uploads\/2017\/04\/GreenTec-winner.png\" alt=\"greentec-winner\" width=\"300\" height=\"472\" \/><\/p>\n<p><strong><span style=\"font-size: 21px; font-family: Raleway; color: #000080;\">Gagnant du prix GreenTec 2017<\/span><\/strong><\/p>\n<p>Depuis sa fondation en 2008, la c\u00e9r\u00e9monie de remise des prix GreenTec a lieu une fois par an et a fait preuve de cr\u00e9dibilit\u00e9 pour identifier les id\u00e9es futuristes.<br \/>\n[\/vc_column_text][\/vc_column_inner][vc_column_inner width=\u00a0\u00bb1\/2&Prime;][\/vc_column_inner][\/vc_row_inner][\/vc_column][\/vc_row][vc_row][vc_column width=\u00a0\u00bb1\/2&Prime; el_class=\u00a0\u00bbawards-col\u00a0\u00bb][vc_single_image image=\u00a0\u00bb1708&Prime; alignment=\u00a0\u00bbcenter\u00a0\u00bb][vc_column_text]\n<h3>WETT<sup>TM<\/sup>-O pr\u00e9s\u00e9lectionn\u00e9 pour le prix de l&rsquo;innovation en ing\u00e9nierie &#8211; Lloyd&rsquo;s List 2016<\/h3>\n[\/vc_column_text][\/vc_column][vc_column width=\u00a0\u00bb1\/2&Prime; el_class=\u00a0\u00bbawards-col\u00a0\u00bb][vc_single_image image=\u00a0\u00bb1709&Prime; alignment=\u00a0\u00bbcenter\u00a0\u00bb][vc_column_text]\n<h3>Prix d\u2019innovation Maritime Nord-Am\u00e9ricain pour WETT<sup>TM<\/sup>-O &#8211; Lloyd\u2019s List 2016<\/h3>\n<p>Ce prix d&rsquo;innovation r\u00e9compense un projet ou une technologie innovante qui a d\u00e9montr\u00e9 son potentiel pour l\u2019avancement du domaine du transport maritime.[\/vc_column_text][\/vc_column][\/vc_row][vc_row][vc_column width=\u00a0\u00bb1\/2&Prime; el_class=\u00a0\u00bbawards-col\u00a0\u00bb][vc_single_image image=\u00a0\u00bb1710&Prime; alignment=\u00a0\u00bbcenter\u00a0\u00bb][vc_column_text]\n<h3>MAGS<sup>TM<\/sup> gagnant du prix \u201cShip Efficiency\u201d 2015 &#8211; Cat\u00e9gorie \u00abThe One to Watch\u00bb<\/h3>\n<p>La cat\u00e9gorie \u00ab One to Watch \u00bb consid\u00e8re le potentiel d&rsquo;un projet, d&rsquo;un concept ou d&rsquo;une technologie commercialement viable, \u00e0 faire des progr\u00e8s significatifs relatifs \u00e0 l&rsquo;efficacit\u00e9 \u00e9nerg\u00e9tique maritime et \u00e0 r\u00e9duire l&rsquo;impact environnemental dans ce secteur.[\/vc_column_text][\/vc_column][vc_column width=\u00a0\u00bb1\/2&Prime; el_class=\u00a0\u00bbawards-col\u00a0\u00bb][vc_single_image image=\u00a0\u00bb1711&Prime; alignment=\u00a0\u00bbcenter\u00a0\u00bb][vc_column_text]\n<h3>MAGS<sup>TM<\/sup> gagnant du prix de l\u2019innovation technique Nord-Am\u00e9ricain &#8211; Lloyd\u2019s List 2014<\/h3>\n<p>Ce prix est d\u00e9cern\u00e9 \u00e0 toute entreprise ou personne qui d\u00e9montre une innovation technologique qui a conduit \u00e0 un progr\u00e8s significatif dans l&rsquo;industrie du transport maritime.[\/vc_column_text][\/vc_column][\/vc_row][vc_row center_row=\u00a0\u00bbyes\u00a0\u00bb match_column_height=\u00a0\u00bbyes\u00a0\u00bb][vc_column width=\u00a0\u00bb1\/2&Prime; min_height=\u00a0\u00bb250px\u00a0\u00bb][vc_single_image image=\u00a0\u00bb481&Prime; alignment=\u00a0\u00bbcenter\u00a0\u00bb][vc_column_text]\n<h3>Prix Globe 2012 pour l&rsquo;excellence des technologies \u00e9mergentes<\/h3>\n<p>Ce prix est d\u00e9cern\u00e9 chaque ann\u00e9e aux entreprises canadiennes qui excellent dans les pratiques commerciales durables et le d\u00e9veloppement des domaines de la technologie et des services.[\/vc_column_text][\/vc_column][vc_column width=\u00a0\u00bb1\/2&Prime;][\/vc_column][\/vc_row][vc_row][vc_column]<div class=\"wpex-slider-preloaderimg\"><img loading=\"lazy\" decoding=\"async\" width=\"900\" height=\"599\" src=\"https:\/\/terragon.net\/wp-content\/uploads\/2017\/05\/GreenTec-Award-group-pic.jpg\" class=\"skip-lazy\" alt=\"\" data-no-lazy=\"1\" \/><\/div><div class=\"vcex-module wpex-slider slider-pro vcex-image-slider clr\" data-auto-play-delay=\"5000\" data-thumbnails=\"true\" data-animation-speed=\"600\" data-height-animation-duration=\"500\" data-thumbnail-height=\"70\" data-thumbnail-width=\"70\"><div class=\"wpex-slider-slides sp-slides\"><div class=\"wpex-slider-slide sp-slide\"><div class=\"wpex-slider-media\"><img loading=\"lazy\" decoding=\"async\" width=\"900\" height=\"599\" src=\"https:\/\/terragon.net\/wp-content\/uploads\/2017\/05\/GreenTec-Award-group-pic.jpg\" class=\"skip-lazy\" alt=\"\" data-no-lazy=\"1\" \/><\/div><\/div><div class=\"wpex-slider-slide sp-slide\"><div class=\"wpex-slider-media\"><img loading=\"lazy\" decoding=\"async\" width=\"4032\" height=\"3024\" src=\"https:\/\/terragon.net\/wp-content\/uploads\/2017\/05\/Dad-and-Theodora-Greentec.jpg\" class=\"skip-lazy\" alt=\"\" data-no-lazy=\"1\" \/><\/div><\/div><div class=\"wpex-slider-slide sp-slide\"><div class=\"wpex-slider-media\"><img loading=\"lazy\" decoding=\"async\" width=\"672\" height=\"448\" src=\"https:\/\/terragon.net\/wp-content\/uploads\/2016\/05\/Lloyds-List-North-American-Awards-1.jpg\" class=\"skip-lazy\" alt=\"\" data-no-lazy=\"1\" \/><\/div><\/div><div class=\"wpex-slider-slide sp-slide\"><div class=\"wpex-slider-media\"><img loading=\"lazy\" decoding=\"async\" width=\"672\" height=\"448\" src=\"https:\/\/terragon.net\/wp-content\/uploads\/2016\/05\/Lloyds-List-North-American-Awards-3.jpg\" class=\"skip-lazy\" alt=\"\" data-no-lazy=\"1\" \/><\/div><\/div><div class=\"wpex-slider-slide sp-slide\"><div class=\"wpex-slider-media\"><img loading=\"lazy\" decoding=\"async\" width=\"1024\" height=\"682\" src=\"https:\/\/terragon.net\/wp-content\/uploads\/2016\/05\/Lloyds-List-North-American-Awards-4.jpg\" class=\"skip-lazy\" alt=\"\" data-no-lazy=\"1\" \/><\/div><\/div><div class=\"wpex-slider-slide sp-slide\"><div class=\"wpex-slider-media\"><img loading=\"lazy\" decoding=\"async\" width=\"782\" height=\"522\" src=\"https:\/\/terragon.net\/wp-content\/uploads\/2016\/05\/Lloyds-List-North-American-Awards-5.jpeg\" class=\"skip-lazy\" alt=\"\" data-no-lazy=\"1\" \/><\/div><\/div><div class=\"wpex-slider-slide sp-slide\"><div class=\"wpex-slider-media\"><img loading=\"lazy\" decoding=\"async\" width=\"1325\" height=\"881\" src=\"https:\/\/terragon.net\/wp-content\/uploads\/2016\/05\/Lloyds-List-North-American-Awards-6.jpg\" class=\"skip-lazy\" alt=\"\" data-no-lazy=\"1\" \/><\/div><\/div><div class=\"wpex-slider-slide sp-slide\"><div class=\"wpex-slider-media\"><img loading=\"lazy\" decoding=\"async\" width=\"1024\" height=\"681\" src=\"https:\/\/terragon.net\/wp-content\/uploads\/2016\/05\/Lloyds-List-North-American-Awards-7.jpg\" class=\"skip-lazy\" alt=\"\" data-no-lazy=\"1\" \/><\/div><\/div><div class=\"wpex-slider-slide sp-slide\"><div class=\"wpex-slider-media\"><img loading=\"lazy\" decoding=\"async\" width=\"1024\" height=\"681\" src=\"https:\/\/terragon.net\/wp-content\/uploads\/2016\/05\/Lloyds-List-North-American-Awards-8.jpg\" class=\"skip-lazy\" alt=\"\" data-no-lazy=\"1\" \/><\/div><\/div><div class=\"wpex-slider-slide sp-slide\"><div class=\"wpex-slider-media\"><img loading=\"lazy\" decoding=\"async\" width=\"1024\" height=\"683\" src=\"https:\/\/terragon.net\/wp-content\/uploads\/2016\/05\/Lloyds-List-North-American-Awards-9.jpg\" class=\"skip-lazy\" alt=\"\" data-no-lazy=\"1\" \/><\/div><\/div><div class=\"wpex-slider-slide sp-slide\"><div class=\"wpex-slider-media\"><img loading=\"lazy\" decoding=\"async\" width=\"600\" height=\"400\" src=\"https:\/\/terragon.net\/wp-content\/uploads\/2016\/05\/Lloyds-List-North-American-Awards-10.jpg\" class=\"skip-lazy\" alt=\"\" data-no-lazy=\"1\" \/><\/div><\/div><div class=\"wpex-slider-slide sp-slide\"><div class=\"wpex-slider-media\"><img loading=\"lazy\" decoding=\"async\" width=\"1024\" height=\"683\" src=\"https:\/\/terragon.net\/wp-content\/uploads\/2016\/05\/Lloyds-List-North-American-Awards-11.jpg\" class=\"skip-lazy\" alt=\"\" data-no-lazy=\"1\" \/><\/div><\/div><div class=\"wpex-slider-slide sp-slide\"><div class=\"wpex-slider-media\"><img loading=\"lazy\" decoding=\"async\" width=\"1024\" height=\"683\" src=\"https:\/\/terragon.net\/wp-content\/uploads\/2016\/10\/Lloyds-List-Global-Awards-photo-2-editforwebsite.jpg\" class=\"skip-lazy\" alt=\"\" data-no-lazy=\"1\" \/><\/div><\/div><\/div><div class=\"wpex-slider-thumbnails sp-thumbnails sp-thumbnails\"><img loading=\"lazy\" decoding=\"async\" width=\"900\" height=\"599\" src=\"https:\/\/terragon.net\/wp-content\/uploads\/2017\/05\/GreenTec-Award-group-pic.jpg\" class=\"wpex-slider-thumbnail sp-thumbnail skip-lazy\" alt=\"\" data-no-lazy=\"1\" \/><img loading=\"lazy\" decoding=\"async\" width=\"4032\" height=\"3024\" src=\"https:\/\/terragon.net\/wp-content\/uploads\/2017\/05\/Dad-and-Theodora-Greentec.jpg\" class=\"wpex-slider-thumbnail sp-thumbnail skip-lazy\" alt=\"\" data-no-lazy=\"1\" \/><img loading=\"lazy\" decoding=\"async\" width=\"672\" height=\"448\" src=\"https:\/\/terragon.net\/wp-content\/uploads\/2016\/05\/Lloyds-List-North-American-Awards-1.jpg\" class=\"wpex-slider-thumbnail sp-thumbnail skip-lazy\" alt=\"\" data-no-lazy=\"1\" \/><img loading=\"lazy\" decoding=\"async\" width=\"672\" height=\"448\" src=\"https:\/\/terragon.net\/wp-content\/uploads\/2016\/05\/Lloyds-List-North-American-Awards-3.jpg\" class=\"wpex-slider-thumbnail sp-thumbnail skip-lazy\" alt=\"\" data-no-lazy=\"1\" \/><img loading=\"lazy\" decoding=\"async\" width=\"1024\" height=\"682\" src=\"https:\/\/terragon.net\/wp-content\/uploads\/2016\/05\/Lloyds-List-North-American-Awards-4.jpg\" class=\"wpex-slider-thumbnail sp-thumbnail skip-lazy\" alt=\"\" data-no-lazy=\"1\" \/><img loading=\"lazy\" decoding=\"async\" width=\"782\" height=\"522\" src=\"https:\/\/terragon.net\/wp-content\/uploads\/2016\/05\/Lloyds-List-North-American-Awards-5.jpeg\" class=\"wpex-slider-thumbnail sp-thumbnail skip-lazy\" alt=\"\" data-no-lazy=\"1\" \/><img loading=\"lazy\" decoding=\"async\" width=\"1325\" height=\"881\" src=\"https:\/\/terragon.net\/wp-content\/uploads\/2016\/05\/Lloyds-List-North-American-Awards-6.jpg\" class=\"wpex-slider-thumbnail sp-thumbnail skip-lazy\" alt=\"\" data-no-lazy=\"1\" \/><img loading=\"lazy\" decoding=\"async\" width=\"1024\" height=\"681\" src=\"https:\/\/terragon.net\/wp-content\/uploads\/2016\/05\/Lloyds-List-North-American-Awards-7.jpg\" class=\"wpex-slider-thumbnail sp-thumbnail skip-lazy\" alt=\"\" data-no-lazy=\"1\" \/><img loading=\"lazy\" decoding=\"async\" width=\"1024\" height=\"681\" src=\"https:\/\/terragon.net\/wp-content\/uploads\/2016\/05\/Lloyds-List-North-American-Awards-8.jpg\" class=\"wpex-slider-thumbnail sp-thumbnail skip-lazy\" alt=\"\" data-no-lazy=\"1\" \/><img loading=\"lazy\" decoding=\"async\" width=\"1024\" height=\"683\" src=\"https:\/\/terragon.net\/wp-content\/uploads\/2016\/05\/Lloyds-List-North-American-Awards-9.jpg\" class=\"wpex-slider-thumbnail sp-thumbnail skip-lazy\" alt=\"\" data-no-lazy=\"1\" \/><img loading=\"lazy\" decoding=\"async\" width=\"600\" height=\"400\" src=\"https:\/\/terragon.net\/wp-content\/uploads\/2016\/05\/Lloyds-List-North-American-Awards-10.jpg\" class=\"wpex-slider-thumbnail sp-thumbnail skip-lazy\" alt=\"\" data-no-lazy=\"1\" \/><img loading=\"lazy\" decoding=\"async\" width=\"1024\" height=\"683\" src=\"https:\/\/terragon.net\/wp-content\/uploads\/2016\/05\/Lloyds-List-North-American-Awards-11.jpg\" class=\"wpex-slider-thumbnail sp-thumbnail skip-lazy\" alt=\"\" data-no-lazy=\"1\" \/><img loading=\"lazy\" decoding=\"async\" width=\"1024\" height=\"683\" src=\"https:\/\/terragon.net\/wp-content\/uploads\/2016\/10\/Lloyds-List-Global-Awards-photo-2-editforwebsite.jpg\" class=\"wpex-slider-thumbnail sp-thumbnail skip-lazy\" alt=\"\" data-no-lazy=\"1\" \/><\/div><\/div>[\/vc_column][\/vc_row][vc_row][vc_column][vc_facebook][\/vc_column][\/vc_row]\n","protected":false},"excerpt":{"rendered":"<p>[vc_row][vc_column][vc_column_text]MAGSTM et WETTTM ont re\u00e7u plusieurs prix d\u2019innovation et de reconnaissance par de nombreux organismes internationaux au cours des derni\u00e8res ann\u00e9es. En voici quelques uns:[\/vc_column_text][vc_row_inner][vc_column_inner width=\u00a0\u00bb1\/2&Prime;][vc_column_text] Gagnant du prix GreenTec 2017 Depuis sa fondation en 2008, la c\u00e9r\u00e9monie de remise&hellip;<\/p>\n","protected":false},"author":2,"featured_media":0,"parent":0,"menu_order":50,"comment_status":"closed","ping_status":"closed","template":"","meta":{"footnotes":""},"class_list":["post-55","page","type-page","status-publish","hentry","entry","no-media"],"yoast_head":"<!-- This site is optimized with the Yoast SEO plugin v26.8 - https:\/\/yoast.com\/product\/yoast-seo-wordpress\/ -->\n<title>Prix gagn\u00e9s - Terragon Environmental Technologies Inc.<\/title>\n<meta name=\"robots\" content=\"index, follow, max-snippet:-1, max-image-preview:large, max-video-preview:-1\" \/>\n<link rel=\"canonical\" href=\"https:\/\/terragon.net\/fr\/realisations\/\" \/>\n<meta property=\"og:locale\" content=\"fr_FR\" \/>\n<meta property=\"og:type\" content=\"article\" \/>\n<meta property=\"og:title\" content=\"Prix gagn\u00e9s - Terragon Environmental Technologies Inc.\" \/>\n<meta property=\"og:description\" content=\"[vc_row][vc_column][vc_column_text]MAGSTM et WETTTM ont re\u00e7u plusieurs prix d\u2019innovation et de reconnaissance par de nombreux organismes internationaux au cours des derni\u00e8res ann\u00e9es. En voici quelques uns:[\/vc_column_text][vc_row_inner][vc_column_inner width=\u00a0\u00bb1\/2&Prime;][vc_column_text] Gagnant du prix GreenTec 2017 Depuis sa fondation en 2008, la c\u00e9r\u00e9monie de remise&hellip;\" \/>\n<meta property=\"og:url\" content=\"https:\/\/terragon.net\/fr\/realisations\/\" \/>\n<meta property=\"og:site_name\" content=\"Terragon Environmental Technologies Inc.\" \/>\n<meta property=\"article:modified_time\" content=\"2021-01-06T18:10:26+00:00\" \/>\n<meta property=\"og:image\" content=\"https:\/\/terragon.net\/wp-content\/uploads\/2017\/04\/GreenTec-winner.png\" \/>\n<meta name=\"twitter:card\" content=\"summary_large_image\" \/>\n<meta name=\"twitter:label1\" content=\"Est. reading time\" \/>\n\t<meta name=\"twitter:data1\" content=\"2 minutes\" \/>\n<script type=\"application\/ld+json\" class=\"yoast-schema-graph\">{\"@context\":\"https:\/\/schema.org\",\"@graph\":[{\"@type\":\"WebPage\",\"@id\":\"https:\/\/terragon.net\/fr\/realisations\/\",\"url\":\"https:\/\/terragon.net\/fr\/realisations\/\",\"name\":\"Prix gagn\u00e9s - Terragon Environmental Technologies Inc.\",\"isPartOf\":{\"@id\":\"https:\/\/terragon.net\/#website\"},\"primaryImageOfPage\":{\"@id\":\"https:\/\/terragon.net\/fr\/realisations\/#primaryimage\"},\"image\":{\"@id\":\"https:\/\/terragon.net\/fr\/realisations\/#primaryimage\"},\"thumbnailUrl\":\"https:\/\/terragon.net\/wp-content\/uploads\/2017\/04\/GreenTec-winner.png\",\"datePublished\":\"2016-05-18T20:57:38+00:00\",\"dateModified\":\"2021-01-06T18:10:26+00:00\",\"breadcrumb\":{\"@id\":\"https:\/\/terragon.net\/fr\/realisations\/#breadcrumb\"},\"inLanguage\":\"fr-FR\",\"potentialAction\":[{\"@type\":\"ReadAction\",\"target\":[\"https:\/\/terragon.net\/fr\/realisations\/\"]}]},{\"@type\":\"ImageObject\",\"inLanguage\":\"fr-FR\",\"@id\":\"https:\/\/terragon.net\/fr\/realisations\/#primaryimage\",\"url\":\"https:\/\/terragon.net\/wp-content\/uploads\/2017\/04\/GreenTec-winner.png\",\"contentUrl\":\"https:\/\/terragon.net\/wp-content\/uploads\/2017\/04\/GreenTec-winner.png\"},{\"@type\":\"BreadcrumbList\",\"@id\":\"https:\/\/terragon.net\/fr\/realisations\/#breadcrumb\",\"itemListElement\":[{\"@type\":\"ListItem\",\"position\":1,\"name\":\"Home\",\"item\":\"https:\/\/terragon.net\/fr\/\"},{\"@type\":\"ListItem\",\"position\":2,\"name\":\"Prix gagn\u00e9s\"}]},{\"@type\":\"WebSite\",\"@id\":\"https:\/\/terragon.net\/#website\",\"url\":\"https:\/\/terragon.net\/\",\"name\":\"Terragon Environmental Technologies Inc.\",\"description\":\"\",\"publisher\":{\"@id\":\"https:\/\/terragon.net\/#organization\"},\"potentialAction\":[{\"@type\":\"SearchAction\",\"target\":{\"@type\":\"EntryPoint\",\"urlTemplate\":\"https:\/\/terragon.net\/?s={search_term_string}\"},\"query-input\":{\"@type\":\"PropertyValueSpecification\",\"valueRequired\":true,\"valueName\":\"search_term_string\"}}],\"inLanguage\":\"fr-FR\"},{\"@type\":\"Organization\",\"@id\":\"https:\/\/terragon.net\/#organization\",\"name\":\"Terragon Environmental Technologies Inc.\",\"url\":\"https:\/\/terragon.net\/\",\"logo\":{\"@type\":\"ImageObject\",\"inLanguage\":\"fr-FR\",\"@id\":\"https:\/\/terragon.net\/#\/schema\/logo\/image\/\",\"url\":\"https:\/\/terragon.net\/wp-content\/uploads\/2016\/05\/Terragon-logo-bi-lingual.png\",\"contentUrl\":\"https:\/\/terragon.net\/wp-content\/uploads\/2016\/05\/Terragon-logo-bi-lingual.png\",\"width\":573,\"height\":341,\"caption\":\"Terragon Environmental Technologies Inc.\"},\"image\":{\"@id\":\"https:\/\/terragon.net\/#\/schema\/logo\/image\/\"}}]}<\/script>\n<!-- \/ Yoast SEO plugin. -->","yoast_head_json":{"title":"Prix gagn\u00e9s - Terragon Environmental Technologies Inc.","robots":{"index":"index","follow":"follow","max-snippet":"max-snippet:-1","max-image-preview":"max-image-preview:large","max-video-preview":"max-video-preview:-1"},"canonical":"https:\/\/terragon.net\/fr\/realisations\/","og_locale":"fr_FR","og_type":"article","og_title":"Prix gagn\u00e9s - Terragon Environmental Technologies Inc.","og_description":"[vc_row][vc_column][vc_column_text]MAGSTM et WETTTM ont re\u00e7u plusieurs prix d\u2019innovation et de reconnaissance par de nombreux organismes internationaux au cours des derni\u00e8res ann\u00e9es. En voici quelques uns:[\/vc_column_text][vc_row_inner][vc_column_inner width=\u00a0\u00bb1\/2&Prime;][vc_column_text] Gagnant du prix GreenTec 2017 Depuis sa fondation en 2008, la c\u00e9r\u00e9monie de remise&hellip;","og_url":"https:\/\/terragon.net\/fr\/realisations\/","og_site_name":"Terragon Environmental Technologies Inc.","article_modified_time":"2021-01-06T18:10:26+00:00","og_image":[{"url":"https:\/\/terragon.net\/wp-content\/uploads\/2017\/04\/GreenTec-winner.png","type":"","width":"","height":""}],"twitter_card":"summary_large_image","twitter_misc":{"Est. reading time":"2 minutes"},"schema":{"@context":"https:\/\/schema.org","@graph":[{"@type":"WebPage","@id":"https:\/\/terragon.net\/fr\/realisations\/","url":"https:\/\/terragon.net\/fr\/realisations\/","name":"Prix gagn\u00e9s - Terragon Environmental Technologies Inc.","isPartOf":{"@id":"https:\/\/terragon.net\/#website"},"primaryImageOfPage":{"@id":"https:\/\/terragon.net\/fr\/realisations\/#primaryimage"},"image":{"@id":"https:\/\/terragon.net\/fr\/realisations\/#primaryimage"},"thumbnailUrl":"https:\/\/terragon.net\/wp-content\/uploads\/2017\/04\/GreenTec-winner.png","datePublished":"2016-05-18T20:57:38+00:00","dateModified":"2021-01-06T18:10:26+00:00","breadcrumb":{"@id":"https:\/\/terragon.net\/fr\/realisations\/#breadcrumb"},"inLanguage":"fr-FR","potentialAction":[{"@type":"ReadAction","target":["https:\/\/terragon.net\/fr\/realisations\/"]}]},{"@type":"ImageObject","inLanguage":"fr-FR","@id":"https:\/\/terragon.net\/fr\/realisations\/#primaryimage","url":"https:\/\/terragon.net\/wp-content\/uploads\/2017\/04\/GreenTec-winner.png","contentUrl":"https:\/\/terragon.net\/wp-content\/uploads\/2017\/04\/GreenTec-winner.png"},{"@type":"BreadcrumbList","@id":"https:\/\/terragon.net\/fr\/realisations\/#breadcrumb","itemListElement":[{"@type":"ListItem","position":1,"name":"Home","item":"https:\/\/terragon.net\/fr\/"},{"@type":"ListItem","position":2,"name":"Prix gagn\u00e9s"}]},{"@type":"WebSite","@id":"https:\/\/terragon.net\/#website","url":"https:\/\/terragon.net\/","name":"Terragon Environmental Technologies Inc.","description":"","publisher":{"@id":"https:\/\/terragon.net\/#organization"},"potentialAction":[{"@type":"SearchAction","target":{"@type":"EntryPoint","urlTemplate":"https:\/\/terragon.net\/?s={search_term_string}"},"query-input":{"@type":"PropertyValueSpecification","valueRequired":true,"valueName":"search_term_string"}}],"inLanguage":"fr-FR"},{"@type":"Organization","@id":"https:\/\/terragon.net\/#organization","name":"Terragon Environmental Technologies Inc.","url":"https:\/\/terragon.net\/","logo":{"@type":"ImageObject","inLanguage":"fr-FR","@id":"https:\/\/terragon.net\/#\/schema\/logo\/image\/","url":"https:\/\/terragon.net\/wp-content\/uploads\/2016\/05\/Terragon-logo-bi-lingual.png","contentUrl":"https:\/\/terragon.net\/wp-content\/uploads\/2016\/05\/Terragon-logo-bi-lingual.png","width":573,"height":341,"caption":"Terragon Environmental Technologies Inc."},"image":{"@id":"https:\/\/terragon.net\/#\/schema\/logo\/image\/"}}]}},"_links":{"self":[{"href":"https:\/\/terragon.net\/fr\/wp-json\/wp\/v2\/pages\/55","targetHints":{"allow":["GET"]}}],"collection":[{"href":"https:\/\/terragon.net\/fr\/wp-json\/wp\/v2\/pages"}],"about":[{"href":"https:\/\/terragon.net\/fr\/wp-json\/wp\/v2\/types\/page"}],"author":[{"embeddable":true,"href":"https:\/\/terragon.net\/fr\/wp-json\/wp\/v2\/users\/2"}],"replies":[{"embeddable":true,"href":"https:\/\/terragon.net\/fr\/wp-json\/wp\/v2\/comments?post=55"}],"version-history":[{"count":0,"href":"https:\/\/terragon.net\/fr\/wp-json\/wp\/v2\/pages\/55\/revisions"}],"wp:attachment":[{"href":"https:\/\/terragon.net\/fr\/wp-json\/wp\/v2\/media?parent=55"}],"curies":[{"name":"wp","href":"https:\/\/api.w.org\/{rel}","templated":true}]}}