{"id":1557,"date":"2016-08-17T13:17:43","date_gmt":"2016-08-17T17:17:43","guid":{"rendered":"https:\/\/terragon.wpengine.com\/fr\/?page_id=1557"},"modified":"2021-01-06T12:09:46","modified_gmt":"2021-01-06T17:09:46","slug":"le-saviez-vous","status":"publish","type":"page","link":"https:\/\/terragon.net\/fr\/a-propos-de-nous\/le-saviez-vous\/","title":{"rendered":"Le saviez-vous?"},"content":{"rendered":"[vc_row][vc_column][vc_column_text]\n<h2>L&rsquo;eau, une ressource pr\u00e9cieuse menac\u00e9e<\/h2>\n<h3>La p\u00e9nurie d&rsquo;eau<\/h3>\n<p><img loading=\"lazy\" decoding=\"async\" class=\"alignright wp-image-1649\" src=\"\/wp-content\/uploads\/2016\/08\/water-resource.jpg\" alt=\"water-resource\" width=\"300\" height=\"200\" \/>L&rsquo;eau douce repr\u00e9sente seulement 2,5% de toute l&rsquo;eau sur Terre et 70% de celle-ci est gel\u00e9e. Malgr\u00e9 cela, l&rsquo;utilisation mondiale de l&rsquo;eau continue de cro\u00eetre rapidement avec la croissante de la population mondiale et l&rsquo;expansion des activit\u00e9s industrielles et agricoles. On estime que d&rsquo;ici 2025, 1,8 milliard de personnes vivront dans des r\u00e9gions de p\u00e9nurie d&rsquo;eau absolue, et 2\/3 de la population pourrait \u00eatre dans des conditions de stress hydrique.<\/p>\n<h3>Contamination de l&rsquo;eau<\/h3>\n<p>En plus des contraintes d&rsquo;approvisionnement en eau douce, la d\u00e9t\u00e9rioration de la qualit\u00e9 d\u2019eau douce disponible est une pr\u00e9occupation suppl\u00e9mentaire en raison de la contamination croissante par les effluents rejet\u00e9s. On se rend de plus en plus compte que les approches traditionnelles de traitement des eaux us\u00e9es ne r\u00e9ussissent pas enti\u00e8rement. Le traitement biologique est incapable de traiter certaines eaux us\u00e9es et est incapable d&rsquo;\u00e9liminer certains contaminants, y compris les produits de soins personnels, les produits pharmaceutiques, ainsi que les polluants prioritaires des activit\u00e9s industrielles et agricoles. Certains de ces contaminants se retrouvent dans notre eau potable et peuvent entra\u00eener l&rsquo;eutrophisation des plans d&rsquo;eau de surface.<\/p>\n<p>Ces d\u00e9fis li\u00e9s \u00e0 l&rsquo;eau suscitent un vif int\u00e9r\u00eat pour de nouvelles approches pour:<\/p>\n<ul>\n<li>R\u00e9duire la consommation d&rsquo;eau douce<\/li>\n<li>Traiter efficacement les eaux us\u00e9es<\/li>\n<\/ul>\n<p>Les technologies innovantes <a href=\"https:\/\/terragon.net\/resource-recovery-solutions\/wastewater-solutions\/\">WETT<sup>TM<\/sup> <\/a>de Terragon offrent le potentiel d\u2019accomplir cela et sont capables d&rsquo;\u00e9liminer les substances nocives et de d\u00e9grader les compos\u00e9s r\u00e9fractaires qui restent intacts par de nombreuses autres approches.[\/vc_column_text][\/vc_column][\/vc_row][vc_row][vc_column][vc_toggle title=\u00a0\u00bbLa situation la plus complexe survient dans le cas de conversion des eaux us\u00e9es fortement contamin\u00e9es, comme les effluents industriels par exemple, en eau de qualit\u00e9 potable d\u00e9pourvue d&rsquo;agents pathog\u00e8nes ou de contaminants, qui ne pr\u00e9sente aucun risque pour la sant\u00e9.\u00a0\u00bb style=\u00a0\u00bbsimple\u00a0\u00bb el_id=\u00a0\u00bb1465935654729-be305107-3b81&Prime;]En g\u00e9n\u00e9ral, plusieurs \u00e9tapes de filtration, d&rsquo;oxydation, de d\u00e9sinfection et de polissage sont n\u00e9cessaires. Le traitement peut \u00eatre simplifi\u00e9 dans l\u2019un de ces deux cas\u00a0: \u00a0si les eaux us\u00e9es ne sont pas fortement contamin\u00e9es, comme le cas des eaux grises par exemple, et\/ou si l&rsquo;utilisation finale ne n\u00e9cessite pas d&rsquo;eau potable, comme le cas de l\u2019irrigation.<\/p>\n<p>Les d\u00e9finitions suivantes sont utiles pour comprendre les options adopt\u00e9es actuellement. Dans tous ces sc\u00e9narios de r\u00e9utilisation de l&rsquo;eau, le concept en jeu est celui du traitement des eaux us\u00e9es pour les rendre adapt\u00e9es \u00e0 l&rsquo;usage.<\/p>\n<h4>Eau grise recycl\u00e9e<\/h4>\n<p>L&rsquo;eau des activit\u00e9s de baignade et de lessive r\u00e9utilis\u00e9e avec ou sans traitement est appel\u00e9e eau grise recycl\u00e9e. Les utilisations potentielles comprennent la chasse d&rsquo;eau des toilettes, l&rsquo;irrigation, le nettoyage et, dans certains cas, la douche et la lessive, mais pas l&rsquo;eau potable. Les eaux grises recycl\u00e9es sont g\u00e9n\u00e9ralement envisag\u00e9es pour les maisons, les immeubles d&rsquo;appartements, les h\u00f4tels, les camps et parfois les \u00e9coles ou les institutions gouvernementales comme les prisons. Les eaux de toilette et de cuisine ne sont pas des eaux grises. Elles sont appel\u00e9es eaux noires ou eaux us\u00e9es. Toute eau contenant de l&rsquo;eau de toilette est consid\u00e9r\u00e9e comme eau us\u00e9e. Les sc\u00e9narios de r\u00e9utilisation des eaux grises n\u00e9cessitent une plomberie distincte pour les eaux noires et les eaux grises.<\/p>\n<h4>L&rsquo;eau recycl\u00e9e<\/h4>\n<p>Les eaux us\u00e9es collect\u00e9es dans les foyers, les entreprises ou les industries d\u2019une communaut\u00e9 et envoy\u00e9es vers une installation de traitement centralis\u00e9e sont appel\u00e9es eaux recycl\u00e9es. Cette eau peut \u00eatre trait\u00e9e \u00e0 un niveau compatible avec sa r\u00e9utilisation pr\u00e9vue, que ce soit pour l&rsquo;irrigation, la construction, le refroidissement, l&rsquo;exploitation mini\u00e8re, la recharge des aquif\u00e8res souterrains, l&rsquo;alimentation des installations commerciales et industrielles, ou m\u00eame l&rsquo;utilisation comme eau potable.<\/p>\n<h4>R\u00e9utilisation directe d\u2019eau potable<\/h4>\n<p>L\u2019eau de r\u00e9cup\u00e9ration utilis\u00e9e pour r\u00e9pondre en tout ou en partie aux besoins en eau potable d\u2019une communaut\u00e9 est appel\u00e9e r\u00e9utilisation directe de l\u2019eau potable. L&rsquo;eau r\u00e9cup\u00e9r\u00e9e est m\u00e9lang\u00e9e au r\u00e9seau de distribution d&rsquo;eau potable d&rsquo;une communaut\u00e9 ou peut \u00eatre la seule source d&rsquo;eau potable pour cette communaut\u00e9.<\/p>\n<h4>R\u00e9utilisation indirecte d\u2019eau potable<\/h4>\n<p>La r\u00e9utilisation indirecte de l\u2019eau potable concerne l&rsquo;eau r\u00e9cup\u00e9r\u00e9e qui sera \u00e9ventuellement utilis\u00e9e comme eau potable mais qui est indirectement fournie en la m\u00e9langeant \u00e0 l&rsquo;eau de source utilis\u00e9e pour produire de l&rsquo;eau potable. L&rsquo;eau r\u00e9cup\u00e9r\u00e9e est utilis\u00e9e pour recharger ou reconstituer les aquif\u00e8res (eaux souterraines) et les eaux de surface, et l&rsquo;eau de ces sources re\u00e7oit un traitement suppl\u00e9mentaire dans une usine de traitement d&rsquo;eau potable avant d&rsquo;\u00eatre distribu\u00e9e \u00e0 la communaut\u00e9.[\/vc_toggle][\/vc_column][\/vc_row][vc_row][vc_column][vc_column_text]\n<h2>Gaspiller notre potentiel d&rsquo;\u00e9conomies de GES<\/h2>\n<p><img loading=\"lazy\" decoding=\"async\" class=\"alignright wp-image-1648\" src=\"\/wp-content\/uploads\/2016\/08\/GHG.jpg\" alt=\"GHG\" width=\"300\" height=\"212\" \/>Les mat\u00e9riaux que les Canadiens jettent quotidiennement ont un impact colossal sur les \u00e9missions de gaz \u00e0 effet de serre (GES). Chaque ann\u00e9e, 54 tonnes de GES sont \u00e9mis par le rejet de mati\u00e8res r\u00e9siduelles, principalement en raison du d\u00e9gagement de m\u00e9thane des d\u00e9charges. Le m\u00e9thane a un potentiel de r\u00e9chauffement plan\u00e9taire 21 fois sup\u00e9rieur \u00e0 celui du dioxyde de carbone. Lors de la Conf\u00e9rence Paris Climat 2015, le Canada a approuv\u00e9 l&rsquo;objectif de maintenir le r\u00e9chauffement climatique \u00e0 un maximum de 1,5\u00b0C, un objectif tr\u00e8s ambitieux. Cela signifie que le Canada doit d\u00e9passer l&rsquo;objectif de 30% de r\u00e9duction des GES par rapport aux niveaux de 2005 mis par l&rsquo;ancient gouvernement conservateur d&rsquo;ici 2030. Le r\u00e9sultat: une baisse des 726 tonnes d&rsquo;\u00e9missions de GES d&rsquo;aujourd&rsquo;hui \u00e0 au moins 512 tonnes en 14 ans .<\/p>\n<p>Fondamentalement, si le Canada retirait chaque voiture et chaque camion de la route, chaque train de la voie ferr\u00e9e et chaque avion du ciel, nous serions encore \u00e0 environ 25% de l&rsquo;objectif vis\u00e9. Il est clair que chaque secteur de l\u2019\u00e9conomie du Canada doit subir des coupures drastiques; on peut pratiquement entendre les g\u00e9missements de \u00abnotre \u00e9conomie\u00bb. Cependant, il existe un domaine dans lequel nous pouvons rapidement influencer les r\u00e9ductions de GES de fa\u00e7on consid\u00e9rable et en tirer des avantages \u00e9conomiques \u00e0 court terme. C&rsquo;est un domaine o\u00f9 nous n\u00e9gligeons litt\u00e9ralement le potentiel d&rsquo;\u00e9conomies de GES: le secteur de gestion des mati\u00e8res r\u00e9siduelles. Si le Canada appliquait le mod\u00e8le TRU \u00abUtilisation totale des ressources\u00bb \u00e0 son secteur de gestion des mati\u00e8res r\u00e9siduelles, et que chaque flux de d\u00e9chets soit trait\u00e9 en fonction du potentiel de r\u00e9cup\u00e9ration maximal au sein de la communaut\u00e9 o\u00f9 il est produit (c&rsquo;est-\u00e0-dire la r\u00e9utilisation locale, le compostage, le recyclage et la r\u00e9cup\u00e9ration d&rsquo;\u00e9nergie), l&rsquo;int\u00e9gralit\u00e9 des GES lib\u00e9r\u00e9s par les sites d\u2019enfouissement pourraient \u00eatre compl\u00e8tement \u00e9vit\u00e9es, ce qui repr\u00e9sente 25% de l&rsquo;objectif actuel de r\u00e9duction des GES.<\/p>\n<p>La valorisation \u00e9nerg\u00e9tique locale des mati\u00e8res r\u00e9siduelles est possible gr\u00e2ce \u00e0 des appareils de production d&rsquo;\u00e9nergie \u00e0 multi-carburant. Le Syst\u00e8me de Micro Auto Gaz\u00e9ification de Terragon (MAGS<sup>TM<\/sup>) offre \u00e0 n\u2019importe quel habitat la possibilit\u00e9 de devenir \u00abhabitat z\u00e9ro d\u00e9chet\u00bb ou \u00abhabitat TRU\u00bb, jouant un r\u00f4le compl\u00e9mentaire \u00e0 la r\u00e9utilisation, le compostage et le recyclage des mat\u00e9riaux. M\u00eame si MAGS<sup>TM<\/sup> rempla\u00e7ait les sites d\u2019enfouissement au Canada, il repr\u00e9senterait 13% de l\u2019objectif de r\u00e9duction des GES du Canada. Ce montant \u00e9quivaut \u00e0 51% des \u00e9missions du total des GES g\u00e9n\u00e9r\u00e9s par l&rsquo;ensemble de l&rsquo;industrie de gestion des mati\u00e8res r\u00e9siduelles. MAGS<sup>TM<\/sup> am\u00e9liore \u00e0 lui seul l\u2019empreinte de GES du Canada de mani\u00e8re significative, mais le besoin d\u2019une r\u00e9volution totale du secteur de gestion des d\u00e9chets est clair. D\u2019autres ressources r\u00e9utilisables dont les Canadiens n\u00e9gligent souvent comprennent l&rsquo;eau. Des technologies telles que WETT<sup>TM<\/sup> nous permettent de r\u00e9utiliser les eaux grises dans nos maisons en r\u00e9duisant la consommation d&rsquo;eau potable jusqu&rsquo;\u00e0 85%. Nous devons nous approprier toutes nos ressources pour r\u00e9duire l\u2019empreinte carbone du Canada, eau et d\u00e9chets compris; il est temps d&rsquo;arr\u00eater de gaspiller nos \u00e9conomies de carbone![\/vc_column_text][\/vc_column][\/vc_row]\n","protected":false},"excerpt":{"rendered":"<p>[vc_row][vc_column][vc_column_text] L&rsquo;eau, une ressource pr\u00e9cieuse menac\u00e9e La p\u00e9nurie d&rsquo;eau L&rsquo;eau douce repr\u00e9sente seulement 2,5% de toute l&rsquo;eau sur Terre et 70% de celle-ci est gel\u00e9e. Malgr\u00e9 cela, l&rsquo;utilisation mondiale de l&rsquo;eau continue de cro\u00eetre rapidement avec la croissante de la&hellip;<\/p>\n","protected":false},"author":2,"featured_media":0,"parent":25,"menu_order":13,"comment_status":"closed","ping_status":"closed","template":"","meta":{"footnotes":""},"class_list":["post-1557","page","type-page","status-publish","hentry","entry","no-media"],"yoast_head":"<!-- This site is optimized with the Yoast SEO plugin v26.8 - https:\/\/yoast.com\/product\/yoast-seo-wordpress\/ -->\n<title>Le saviez-vous? - Terragon Environmental Technologies Inc.<\/title>\n<meta name=\"robots\" content=\"index, follow, max-snippet:-1, max-image-preview:large, max-video-preview:-1\" \/>\n<link rel=\"canonical\" href=\"https:\/\/terragon.net\/fr\/a-propos-de-nous\/le-saviez-vous\/\" \/>\n<meta property=\"og:locale\" content=\"fr_FR\" \/>\n<meta property=\"og:type\" content=\"article\" \/>\n<meta property=\"og:title\" content=\"Le saviez-vous? - Terragon Environmental Technologies Inc.\" \/>\n<meta property=\"og:description\" content=\"[vc_row][vc_column][vc_column_text] L&rsquo;eau, une ressource pr\u00e9cieuse menac\u00e9e La p\u00e9nurie d&rsquo;eau L&rsquo;eau douce repr\u00e9sente seulement 2,5% de toute l&rsquo;eau sur Terre et 70% de celle-ci est gel\u00e9e. Malgr\u00e9 cela, l&rsquo;utilisation mondiale de l&rsquo;eau continue de cro\u00eetre rapidement avec la croissante de la&hellip;\" \/>\n<meta property=\"og:url\" content=\"https:\/\/terragon.net\/fr\/a-propos-de-nous\/le-saviez-vous\/\" \/>\n<meta property=\"og:site_name\" content=\"Terragon Environmental Technologies Inc.\" \/>\n<meta property=\"article:modified_time\" content=\"2021-01-06T17:09:46+00:00\" \/>\n<meta property=\"og:image\" content=\"https:\/\/terragon.net\/wp-content\/uploads\/2016\/08\/water-resource.jpg\" \/>\n<meta name=\"twitter:card\" content=\"summary_large_image\" \/>\n<meta name=\"twitter:label1\" content=\"Est. reading time\" \/>\n\t<meta name=\"twitter:data1\" content=\"7 minutes\" \/>\n<script type=\"application\/ld+json\" class=\"yoast-schema-graph\">{\"@context\":\"https:\/\/schema.org\",\"@graph\":[{\"@type\":\"WebPage\",\"@id\":\"https:\/\/terragon.net\/fr\/a-propos-de-nous\/le-saviez-vous\/\",\"url\":\"https:\/\/terragon.net\/fr\/a-propos-de-nous\/le-saviez-vous\/\",\"name\":\"Le saviez-vous? - Terragon Environmental Technologies Inc.\",\"isPartOf\":{\"@id\":\"https:\/\/terragon.net\/#website\"},\"datePublished\":\"2016-08-17T17:17:43+00:00\",\"dateModified\":\"2021-01-06T17:09:46+00:00\",\"breadcrumb\":{\"@id\":\"https:\/\/terragon.net\/fr\/a-propos-de-nous\/le-saviez-vous\/#breadcrumb\"},\"inLanguage\":\"fr-FR\",\"potentialAction\":[{\"@type\":\"ReadAction\",\"target\":[\"https:\/\/terragon.net\/fr\/a-propos-de-nous\/le-saviez-vous\/\"]}]},{\"@type\":\"BreadcrumbList\",\"@id\":\"https:\/\/terragon.net\/fr\/a-propos-de-nous\/le-saviez-vous\/#breadcrumb\",\"itemListElement\":[{\"@type\":\"ListItem\",\"position\":1,\"name\":\"Home\",\"item\":\"https:\/\/terragon.net\/fr\/\"},{\"@type\":\"ListItem\",\"position\":2,\"name\":\"\u00c0 propos de nous\",\"item\":\"https:\/\/terragon.net\/fr\/a-propos-de-nous\/\"},{\"@type\":\"ListItem\",\"position\":3,\"name\":\"Le saviez-vous?\"}]},{\"@type\":\"WebSite\",\"@id\":\"https:\/\/terragon.net\/#website\",\"url\":\"https:\/\/terragon.net\/\",\"name\":\"Terragon Environmental Technologies Inc.\",\"description\":\"\",\"publisher\":{\"@id\":\"https:\/\/terragon.net\/#organization\"},\"potentialAction\":[{\"@type\":\"SearchAction\",\"target\":{\"@type\":\"EntryPoint\",\"urlTemplate\":\"https:\/\/terragon.net\/?s={search_term_string}\"},\"query-input\":{\"@type\":\"PropertyValueSpecification\",\"valueRequired\":true,\"valueName\":\"search_term_string\"}}],\"inLanguage\":\"fr-FR\"},{\"@type\":\"Organization\",\"@id\":\"https:\/\/terragon.net\/#organization\",\"name\":\"Terragon Environmental Technologies Inc.\",\"url\":\"https:\/\/terragon.net\/\",\"logo\":{\"@type\":\"ImageObject\",\"inLanguage\":\"fr-FR\",\"@id\":\"https:\/\/terragon.net\/#\/schema\/logo\/image\/\",\"url\":\"https:\/\/terragon.net\/wp-content\/uploads\/2016\/05\/Terragon-logo-bi-lingual.png\",\"contentUrl\":\"https:\/\/terragon.net\/wp-content\/uploads\/2016\/05\/Terragon-logo-bi-lingual.png\",\"width\":573,\"height\":341,\"caption\":\"Terragon Environmental Technologies Inc.\"},\"image\":{\"@id\":\"https:\/\/terragon.net\/#\/schema\/logo\/image\/\"}}]}<\/script>\n<!-- \/ Yoast SEO plugin. -->","yoast_head_json":{"title":"Le saviez-vous? - Terragon Environmental Technologies Inc.","robots":{"index":"index","follow":"follow","max-snippet":"max-snippet:-1","max-image-preview":"max-image-preview:large","max-video-preview":"max-video-preview:-1"},"canonical":"https:\/\/terragon.net\/fr\/a-propos-de-nous\/le-saviez-vous\/","og_locale":"fr_FR","og_type":"article","og_title":"Le saviez-vous? - Terragon Environmental Technologies Inc.","og_description":"[vc_row][vc_column][vc_column_text] L&rsquo;eau, une ressource pr\u00e9cieuse menac\u00e9e La p\u00e9nurie d&rsquo;eau L&rsquo;eau douce repr\u00e9sente seulement 2,5% de toute l&rsquo;eau sur Terre et 70% de celle-ci est gel\u00e9e. Malgr\u00e9 cela, l&rsquo;utilisation mondiale de l&rsquo;eau continue de cro\u00eetre rapidement avec la croissante de la&hellip;","og_url":"https:\/\/terragon.net\/fr\/a-propos-de-nous\/le-saviez-vous\/","og_site_name":"Terragon Environmental Technologies Inc.","article_modified_time":"2021-01-06T17:09:46+00:00","og_image":[{"url":"https:\/\/terragon.net\/wp-content\/uploads\/2016\/08\/water-resource.jpg","type":"","width":"","height":""}],"twitter_card":"summary_large_image","twitter_misc":{"Est. reading time":"7 minutes"},"schema":{"@context":"https:\/\/schema.org","@graph":[{"@type":"WebPage","@id":"https:\/\/terragon.net\/fr\/a-propos-de-nous\/le-saviez-vous\/","url":"https:\/\/terragon.net\/fr\/a-propos-de-nous\/le-saviez-vous\/","name":"Le saviez-vous? - Terragon Environmental Technologies Inc.","isPartOf":{"@id":"https:\/\/terragon.net\/#website"},"datePublished":"2016-08-17T17:17:43+00:00","dateModified":"2021-01-06T17:09:46+00:00","breadcrumb":{"@id":"https:\/\/terragon.net\/fr\/a-propos-de-nous\/le-saviez-vous\/#breadcrumb"},"inLanguage":"fr-FR","potentialAction":[{"@type":"ReadAction","target":["https:\/\/terragon.net\/fr\/a-propos-de-nous\/le-saviez-vous\/"]}]},{"@type":"BreadcrumbList","@id":"https:\/\/terragon.net\/fr\/a-propos-de-nous\/le-saviez-vous\/#breadcrumb","itemListElement":[{"@type":"ListItem","position":1,"name":"Home","item":"https:\/\/terragon.net\/fr\/"},{"@type":"ListItem","position":2,"name":"\u00c0 propos de nous","item":"https:\/\/terragon.net\/fr\/a-propos-de-nous\/"},{"@type":"ListItem","position":3,"name":"Le saviez-vous?"}]},{"@type":"WebSite","@id":"https:\/\/terragon.net\/#website","url":"https:\/\/terragon.net\/","name":"Terragon Environmental Technologies Inc.","description":"","publisher":{"@id":"https:\/\/terragon.net\/#organization"},"potentialAction":[{"@type":"SearchAction","target":{"@type":"EntryPoint","urlTemplate":"https:\/\/terragon.net\/?s={search_term_string}"},"query-input":{"@type":"PropertyValueSpecification","valueRequired":true,"valueName":"search_term_string"}}],"inLanguage":"fr-FR"},{"@type":"Organization","@id":"https:\/\/terragon.net\/#organization","name":"Terragon Environmental Technologies Inc.","url":"https:\/\/terragon.net\/","logo":{"@type":"ImageObject","inLanguage":"fr-FR","@id":"https:\/\/terragon.net\/#\/schema\/logo\/image\/","url":"https:\/\/terragon.net\/wp-content\/uploads\/2016\/05\/Terragon-logo-bi-lingual.png","contentUrl":"https:\/\/terragon.net\/wp-content\/uploads\/2016\/05\/Terragon-logo-bi-lingual.png","width":573,"height":341,"caption":"Terragon Environmental Technologies Inc."},"image":{"@id":"https:\/\/terragon.net\/#\/schema\/logo\/image\/"}}]}},"_links":{"self":[{"href":"https:\/\/terragon.net\/fr\/wp-json\/wp\/v2\/pages\/1557","targetHints":{"allow":["GET"]}}],"collection":[{"href":"https:\/\/terragon.net\/fr\/wp-json\/wp\/v2\/pages"}],"about":[{"href":"https:\/\/terragon.net\/fr\/wp-json\/wp\/v2\/types\/page"}],"author":[{"embeddable":true,"href":"https:\/\/terragon.net\/fr\/wp-json\/wp\/v2\/users\/2"}],"replies":[{"embeddable":true,"href":"https:\/\/terragon.net\/fr\/wp-json\/wp\/v2\/comments?post=1557"}],"version-history":[{"count":0,"href":"https:\/\/terragon.net\/fr\/wp-json\/wp\/v2\/pages\/1557\/revisions"}],"up":[{"embeddable":true,"href":"https:\/\/terragon.net\/fr\/wp-json\/wp\/v2\/pages\/25"}],"wp:attachment":[{"href":"https:\/\/terragon.net\/fr\/wp-json\/wp\/v2\/media?parent=1557"}],"curies":[{"name":"wp","href":"https:\/\/api.w.org\/{rel}","templated":true}]}}