{"id":115,"date":"2016-05-18T17:22:08","date_gmt":"2016-05-18T21:22:08","guid":{"rendered":"https:\/\/terragon.wpengine.com\/fr\/?page_id=115"},"modified":"2021-01-06T12:36:16","modified_gmt":"2021-01-06T17:36:16","slug":"dechets-medicaux-et-biorisques","status":"publish","type":"page","link":"https:\/\/terragon.net\/fr\/marches\/dechets-medicaux-et-biorisques\/","title":{"rendered":"M\u00c9DICAL ET DANGER BIOLOGIQUE"},"content":{"rendered":"[vc_row][vc_column][vc_column_text]\n<h2><img loading=\"lazy\" decoding=\"async\" class=\"alignleft wp-image-1217\" src=\"\/wp-content\/uploads\/2016\/05\/terragon-biomedical-icon.jpg\" alt=\"terragon-biomedical-icon\" width=\"50\" height=\"50\" \/>Autosuffisance, \u00e9conomies et meilleure empreinte \u00e9cologique<\/h2>\n<p>Les h\u00f4pitaux et les cliniques sont essentiels pour le maintien de notre sant\u00e9. Cependant, les d\u00e9chets biom\u00e9dicaux, les d\u00e9chets dangereux et l&rsquo;eau us\u00e9e produite dans ces installations constituent une menace environnementale, un danger pour notre sant\u00e9 et un fardeau financier. Les laboratoires, les maisons de soins infirmiers, les salons fun\u00e9raires, les cabinets dentaires et les cliniques v\u00e9t\u00e9rinaires sont d\u2019autres exemples d&rsquo;\u00e9tablissements accabl\u00e9s par ce type de d\u00e9chets co\u00fbteux et difficile \u00e0 traiter.<\/p>\n<h3>Flux de d\u00e9chets biom\u00e9dicaux et dangereux<\/h3>\n<p>Le co\u00fbt total de la gestion des d\u00e9chets m\u00e9dicaux peut \u00eatre excessif: les d\u00e9chets doivent \u00eatre plac\u00e9s dans des sacs et des poubelles sp\u00e9ciaux, stock\u00e9s s\u00e9par\u00e9ment, transport\u00e9s dans des camions frigorifiques et soigneusement \u00e9limin\u00e9s pour emp\u00eacher toute exposition potentielle. L&rsquo;autoclave a aid\u00e9 \u00e0 \u00e9liminer cette charge de d\u00e9chets, cependant, plusieurs facteurs demeurent \u00e0 am\u00e9liorer tels que les conditions de fonctionnement probl\u00e9matiques entra\u00eenant une st\u00e9rilisation incompl\u00e8te, une consommation d&rsquo;\u00e9nergie \u00e9lev\u00e9e, aucune r\u00e9duction du volume de d\u00e9chets, un traitement limit\u00e9 aux d\u00e9chets biom\u00e9dicaux non anatomiques et le refus des d\u00e9chets autoclav\u00e9s dans certains sites d\u2019enfouissement.<\/p>\n<h3>Ne gaspillez pas vos \u00ab d\u00e9chets \u00bb!<\/h3>\n<p>Avec <a href=\"https:\/\/terragon.net\/fr\/solutions-pour-la-recuperation-des-ressources\/valorisation-des-dechets\/\">MAGS<sup>TM<\/sup><\/a>, vous pouvez transformer votre fardeau en avantage en convertissant vos d\u00e9chets m\u00e9dicaux en ressource.<\/p>\n<p><a href=\"https:\/\/terragon.net\/?page_id=2182\" rel=\"noopener noreferrer\">Cliquez ici pour savoir pourquoi MAGS<sup>TM<\/sup> est l&rsquo;une des meilleures solutions pour le traitement des d\u00e9chets m\u00e9dicaux.<\/a><\/p>\n<h2>La solution MAGS<sup>TM<\/sup><\/h2>\n<p class=\"Default\" style=\"margin-bottom: 2.8pt; text-align: justify;\">Prenez le contr\u00f4le! St\u00e9rilisez et convertissez en \u00e9nergie les mat\u00e9riaux suivants dans votre \u00e9tablissement:<\/p>\n<ul>\n<li style=\"font-weight: 400;\"><span style=\"font-weight: 400;\">Agents pathologiques<\/span><\/li>\n<li style=\"font-weight: 400;\"><span style=\"font-weight: 400;\">D\u00e9chets anatomiques<\/span><\/li>\n<li style=\"font-weight: 400;\"><span style=\"font-weight: 400;\">Objets tranchants<\/span><\/li>\n<li style=\"font-weight: 400;\"><span style=\"font-weight: 400;\">M\u00e9dicaments<\/span><\/li>\n<li style=\"font-weight: 400;\"><span style=\"font-weight: 400;\">Solvants<\/span><\/li>\n<li style=\"font-weight: 400;\"><span style=\"font-weight: 400;\">Substances g\u00e9notoxiques<\/span><\/li>\n<li style=\"font-weight: 400;\"><span style=\"font-weight: 400;\">Conteneurs et emballages<\/span><\/li>\n<li style=\"font-weight: 400;\"><span style=\"font-weight: 400;\">Produits divers<\/span><\/li>\n<\/ul>\n<h3>Eaux us\u00e9es des h\u00f4pitaux<\/h3>\n<p>L&rsquo;eau \u00e9vacu\u00e9e des installations m\u00e9dicales constitue un rejet majeur de produits chimiques et d&rsquo;agents microbiens. Des r\u00e9sidus de produits pharmaceutiques, de m\u00e9dicaments cytotoxiques, de produits de contraste iod\u00e9s, des bact\u00e9ries r\u00e9sistantes aux antibiotiques, des virus et parfois m\u00eame des prions y sont pr\u00e9sents. Beaucoup de ces compos\u00e9s r\u00e9sistent au traitement normal des eaux us\u00e9es et se retrouvent dans les eaux de surface, affectant n\u00e9gativement les \u00e9cosyst\u00e8mes aquatiques et contaminant l&rsquo;eau potable produite \u00e0 partir de ces sources. Contrairement au traitement biologique conventionnel, la technologie <a href=\"https:\/\/terragon.net\/fr\/solutions-pour-la-recuperation-des-ressources\/solutions-eaux\/\">WETT<sup>TM<\/sup>-S<\/a> est capable de d\u00e9sinfecter compl\u00e8tement le flux d\u2019eaux us\u00e9es en d\u00e9gradant ces contaminants \u00e0 l&rsquo;aide de puissants radicaux hydroxyles dans un processus d&rsquo;oxydation \u00e9lectrochimique avanc\u00e9 bas\u00e9 sur une \u00e9lectrode en diamant dop\u00e9 au bore.<\/p>\n<h2>La solution WETT<sup>TM<\/sup><\/h2>\n<p>Prenez le contr\u00f4le et \u00e9liminez s\u00e9curitairement les contaminants suivants dans vos eaux us\u00e9es:<\/p>\n<ul>\n<li style=\"font-weight: 400;\"><span style=\"font-weight: 400;\">Agents pathog\u00e8nes<\/span><\/li>\n<li style=\"font-weight: 400;\"><span style=\"font-weight: 400;\">M\u00e9dicaments<\/span><\/li>\n<li style=\"font-weight: 400;\"><span style=\"font-weight: 400;\">Produits cytotoxiques<\/span><\/li>\n<\/ul>\n[\/vc_column_text][\/vc_column][\/vc_row]\n","protected":false},"excerpt":{"rendered":"<p>[vc_row][vc_column][vc_column_text] Autosuffisance, \u00e9conomies et meilleure empreinte \u00e9cologique Les h\u00f4pitaux et les cliniques sont essentiels pour le maintien de notre sant\u00e9. Cependant, les d\u00e9chets biom\u00e9dicaux, les d\u00e9chets dangereux et l&rsquo;eau us\u00e9e produite dans ces installations constituent une menace environnementale, un danger&hellip;<\/p>\n","protected":false},"author":2,"featured_media":0,"parent":53,"menu_order":35,"comment_status":"closed","ping_status":"closed","template":"","meta":{"footnotes":""},"class_list":["post-115","page","type-page","status-publish","hentry","entry","no-media"],"yoast_head":"<!-- This site is optimized with the Yoast SEO plugin v26.8 - https:\/\/yoast.com\/product\/yoast-seo-wordpress\/ -->\n<title>M\u00c9DICAL ET DANGER BIOLOGIQUE - Terragon Environmental Technologies Inc.<\/title>\n<meta name=\"robots\" content=\"index, follow, max-snippet:-1, max-image-preview:large, max-video-preview:-1\" \/>\n<link rel=\"canonical\" href=\"https:\/\/terragon.net\/fr\/marches\/dechets-medicaux-et-biorisques\/\" \/>\n<meta property=\"og:locale\" content=\"fr_FR\" \/>\n<meta property=\"og:type\" content=\"article\" \/>\n<meta property=\"og:title\" content=\"M\u00c9DICAL ET DANGER BIOLOGIQUE - Terragon Environmental Technologies Inc.\" \/>\n<meta property=\"og:description\" content=\"[vc_row][vc_column][vc_column_text] Autosuffisance, \u00e9conomies et meilleure empreinte \u00e9cologique Les h\u00f4pitaux et les cliniques sont essentiels pour le maintien de notre sant\u00e9. Cependant, les d\u00e9chets biom\u00e9dicaux, les d\u00e9chets dangereux et l&rsquo;eau us\u00e9e produite dans ces installations constituent une menace environnementale, un danger&hellip;\" \/>\n<meta property=\"og:url\" content=\"https:\/\/terragon.net\/fr\/marches\/dechets-medicaux-et-biorisques\/\" \/>\n<meta property=\"og:site_name\" content=\"Terragon Environmental Technologies Inc.\" \/>\n<meta property=\"article:modified_time\" content=\"2021-01-06T17:36:16+00:00\" \/>\n<meta property=\"og:image\" content=\"https:\/\/terragon.net\/wp-content\/uploads\/2016\/05\/terragon-biomedical-icon.jpg\" \/>\n<meta name=\"twitter:card\" content=\"summary_large_image\" \/>\n<meta name=\"twitter:label1\" content=\"Est. reading time\" \/>\n\t<meta name=\"twitter:data1\" content=\"2 minutes\" \/>\n<script type=\"application\/ld+json\" class=\"yoast-schema-graph\">{\"@context\":\"https:\/\/schema.org\",\"@graph\":[{\"@type\":\"WebPage\",\"@id\":\"https:\/\/terragon.net\/fr\/marches\/dechets-medicaux-et-biorisques\/\",\"url\":\"https:\/\/terragon.net\/fr\/marches\/dechets-medicaux-et-biorisques\/\",\"name\":\"M\u00c9DICAL ET DANGER BIOLOGIQUE - Terragon Environmental Technologies Inc.\",\"isPartOf\":{\"@id\":\"https:\/\/terragon.net\/#website\"},\"datePublished\":\"2016-05-18T21:22:08+00:00\",\"dateModified\":\"2021-01-06T17:36:16+00:00\",\"breadcrumb\":{\"@id\":\"https:\/\/terragon.net\/fr\/marches\/dechets-medicaux-et-biorisques\/#breadcrumb\"},\"inLanguage\":\"fr-FR\",\"potentialAction\":[{\"@type\":\"ReadAction\",\"target\":[\"https:\/\/terragon.net\/fr\/marches\/dechets-medicaux-et-biorisques\/\"]}]},{\"@type\":\"BreadcrumbList\",\"@id\":\"https:\/\/terragon.net\/fr\/marches\/dechets-medicaux-et-biorisques\/#breadcrumb\",\"itemListElement\":[{\"@type\":\"ListItem\",\"position\":1,\"name\":\"Home\",\"item\":\"https:\/\/terragon.net\/fr\/\"},{\"@type\":\"ListItem\",\"position\":2,\"name\":\"March\u00e9s\",\"item\":\"https:\/\/terragon.net\/fr\/marches\/\"},{\"@type\":\"ListItem\",\"position\":3,\"name\":\"M\u00c9DICAL ET DANGER BIOLOGIQUE\"}]},{\"@type\":\"WebSite\",\"@id\":\"https:\/\/terragon.net\/#website\",\"url\":\"https:\/\/terragon.net\/\",\"name\":\"Terragon Environmental Technologies Inc.\",\"description\":\"\",\"publisher\":{\"@id\":\"https:\/\/terragon.net\/#organization\"},\"potentialAction\":[{\"@type\":\"SearchAction\",\"target\":{\"@type\":\"EntryPoint\",\"urlTemplate\":\"https:\/\/terragon.net\/?s={search_term_string}\"},\"query-input\":{\"@type\":\"PropertyValueSpecification\",\"valueRequired\":true,\"valueName\":\"search_term_string\"}}],\"inLanguage\":\"fr-FR\"},{\"@type\":\"Organization\",\"@id\":\"https:\/\/terragon.net\/#organization\",\"name\":\"Terragon Environmental Technologies Inc.\",\"url\":\"https:\/\/terragon.net\/\",\"logo\":{\"@type\":\"ImageObject\",\"inLanguage\":\"fr-FR\",\"@id\":\"https:\/\/terragon.net\/#\/schema\/logo\/image\/\",\"url\":\"https:\/\/terragon.net\/wp-content\/uploads\/2016\/05\/Terragon-logo-bi-lingual.png\",\"contentUrl\":\"https:\/\/terragon.net\/wp-content\/uploads\/2016\/05\/Terragon-logo-bi-lingual.png\",\"width\":573,\"height\":341,\"caption\":\"Terragon Environmental Technologies Inc.\"},\"image\":{\"@id\":\"https:\/\/terragon.net\/#\/schema\/logo\/image\/\"}}]}<\/script>\n<!-- \/ Yoast SEO plugin. -->","yoast_head_json":{"title":"M\u00c9DICAL ET DANGER BIOLOGIQUE - Terragon Environmental Technologies Inc.","robots":{"index":"index","follow":"follow","max-snippet":"max-snippet:-1","max-image-preview":"max-image-preview:large","max-video-preview":"max-video-preview:-1"},"canonical":"https:\/\/terragon.net\/fr\/marches\/dechets-medicaux-et-biorisques\/","og_locale":"fr_FR","og_type":"article","og_title":"M\u00c9DICAL ET DANGER BIOLOGIQUE - Terragon Environmental Technologies Inc.","og_description":"[vc_row][vc_column][vc_column_text] Autosuffisance, \u00e9conomies et meilleure empreinte \u00e9cologique Les h\u00f4pitaux et les cliniques sont essentiels pour le maintien de notre sant\u00e9. Cependant, les d\u00e9chets biom\u00e9dicaux, les d\u00e9chets dangereux et l&rsquo;eau us\u00e9e produite dans ces installations constituent une menace environnementale, un danger&hellip;","og_url":"https:\/\/terragon.net\/fr\/marches\/dechets-medicaux-et-biorisques\/","og_site_name":"Terragon Environmental Technologies Inc.","article_modified_time":"2021-01-06T17:36:16+00:00","og_image":[{"url":"https:\/\/terragon.net\/wp-content\/uploads\/2016\/05\/terragon-biomedical-icon.jpg","type":"","width":"","height":""}],"twitter_card":"summary_large_image","twitter_misc":{"Est. reading time":"2 minutes"},"schema":{"@context":"https:\/\/schema.org","@graph":[{"@type":"WebPage","@id":"https:\/\/terragon.net\/fr\/marches\/dechets-medicaux-et-biorisques\/","url":"https:\/\/terragon.net\/fr\/marches\/dechets-medicaux-et-biorisques\/","name":"M\u00c9DICAL ET DANGER BIOLOGIQUE - Terragon Environmental Technologies Inc.","isPartOf":{"@id":"https:\/\/terragon.net\/#website"},"datePublished":"2016-05-18T21:22:08+00:00","dateModified":"2021-01-06T17:36:16+00:00","breadcrumb":{"@id":"https:\/\/terragon.net\/fr\/marches\/dechets-medicaux-et-biorisques\/#breadcrumb"},"inLanguage":"fr-FR","potentialAction":[{"@type":"ReadAction","target":["https:\/\/terragon.net\/fr\/marches\/dechets-medicaux-et-biorisques\/"]}]},{"@type":"BreadcrumbList","@id":"https:\/\/terragon.net\/fr\/marches\/dechets-medicaux-et-biorisques\/#breadcrumb","itemListElement":[{"@type":"ListItem","position":1,"name":"Home","item":"https:\/\/terragon.net\/fr\/"},{"@type":"ListItem","position":2,"name":"March\u00e9s","item":"https:\/\/terragon.net\/fr\/marches\/"},{"@type":"ListItem","position":3,"name":"M\u00c9DICAL ET DANGER BIOLOGIQUE"}]},{"@type":"WebSite","@id":"https:\/\/terragon.net\/#website","url":"https:\/\/terragon.net\/","name":"Terragon Environmental Technologies Inc.","description":"","publisher":{"@id":"https:\/\/terragon.net\/#organization"},"potentialAction":[{"@type":"SearchAction","target":{"@type":"EntryPoint","urlTemplate":"https:\/\/terragon.net\/?s={search_term_string}"},"query-input":{"@type":"PropertyValueSpecification","valueRequired":true,"valueName":"search_term_string"}}],"inLanguage":"fr-FR"},{"@type":"Organization","@id":"https:\/\/terragon.net\/#organization","name":"Terragon Environmental Technologies Inc.","url":"https:\/\/terragon.net\/","logo":{"@type":"ImageObject","inLanguage":"fr-FR","@id":"https:\/\/terragon.net\/#\/schema\/logo\/image\/","url":"https:\/\/terragon.net\/wp-content\/uploads\/2016\/05\/Terragon-logo-bi-lingual.png","contentUrl":"https:\/\/terragon.net\/wp-content\/uploads\/2016\/05\/Terragon-logo-bi-lingual.png","width":573,"height":341,"caption":"Terragon Environmental Technologies Inc."},"image":{"@id":"https:\/\/terragon.net\/#\/schema\/logo\/image\/"}}]}},"_links":{"self":[{"href":"https:\/\/terragon.net\/fr\/wp-json\/wp\/v2\/pages\/115","targetHints":{"allow":["GET"]}}],"collection":[{"href":"https:\/\/terragon.net\/fr\/wp-json\/wp\/v2\/pages"}],"about":[{"href":"https:\/\/terragon.net\/fr\/wp-json\/wp\/v2\/types\/page"}],"author":[{"embeddable":true,"href":"https:\/\/terragon.net\/fr\/wp-json\/wp\/v2\/users\/2"}],"replies":[{"embeddable":true,"href":"https:\/\/terragon.net\/fr\/wp-json\/wp\/v2\/comments?post=115"}],"version-history":[{"count":0,"href":"https:\/\/terragon.net\/fr\/wp-json\/wp\/v2\/pages\/115\/revisions"}],"up":[{"embeddable":true,"href":"https:\/\/terragon.net\/fr\/wp-json\/wp\/v2\/pages\/53"}],"wp:attachment":[{"href":"https:\/\/terragon.net\/fr\/wp-json\/wp\/v2\/media?parent=115"}],"curies":[{"name":"wp","href":"https:\/\/api.w.org\/{rel}","templated":true}]}}