{"id":113,"date":"2016-05-18T17:21:59","date_gmt":"2016-05-18T21:21:59","guid":{"rendered":"https:\/\/terragon.wpengine.com\/fr\/?page_id=113"},"modified":"2021-01-06T10:08:13","modified_gmt":"2021-01-06T15:08:13","slug":"navires-et-plate-formes-en-mer","status":"publish","type":"page","link":"https:\/\/terragon.net\/fr\/marches\/navires-et-plate-formes-en-mer\/","title":{"rendered":"Navires et plate-formes maritimes"},"content":{"rendered":"[vc_row][vc_column][vc_column_text]\n<h2><img loading=\"lazy\" decoding=\"async\" class=\"alignleft wp-image-1209\" src=\"\/wp-content\/uploads\/2016\/05\/terragon-ship-icon.jpg\" alt=\"terragon-ship-icon\" width=\"50\" height=\"50\" \/>NAVIRES ET PLATE-FORMES MARITIMES<\/h2>\n<p>L&rsquo;industrie maritime commerciale est r\u00e9glement\u00e9e par l&rsquo;Organisation Maritime Internationale (OMI), en particulier dans les annexes de MARPOL pour la pr\u00e9vention de la pollution par les navires. Tous les navires g\u00e9n\u00e8rent des mati\u00e8res r\u00e9siduelles provenant des \u00e9quipages et des op\u00e9rations \u00e0 bord. L&rsquo;origine de production de d\u00e9chets d\u00e9termine l&rsquo;annexe de MARPOL qui s&rsquo;applique.<\/p>\n<p>La gestion des d\u00e9chets sur les navires et les plates-formes maritimes reste un d\u00e9fi op\u00e9rationnel s\u00e9rieux caract\u00e9ris\u00e9 par des co\u00fbts excessifs et des risques potentiels pour la sant\u00e9 et l&rsquo;environnement. C\u2019est une proc\u00e9dure complexe, inefficace et \u00e0 forte intensit\u00e9 de main-d\u2019\u0153uvre. L\u2019approche globale de gestion des d\u00e9chets \u00e0 bord a \u00e9t\u00e9 fa\u00e7onn\u00e9e par l\u2019\u00e9volution des r\u00e9glementations internationales visant \u00e0 prot\u00e9ger l\u2019environnement. En cons\u00e9quence, chaque flux de d\u00e9chets utilise des \u00e9quipements diff\u00e9rents. Il en r\u00e9sulte plusieurs syst\u00e8mes difficiles \u00e0 exploiter et \u00e0 entretenir.<\/p>\n<p>Terragon propose aux navires des solutions innovantes et faciles \u00e0 mettre en \u0153uvre pour le traitement des mati\u00e8res r\u00e9siduelles solides, boues et eaux de cale huileuses:[\/vc_column_text][\/vc_column][\/vc_row][vc_row][vc_column][vc_column_text css=\u00a0\u00bb.vc_custom_1607972934005{padding-top: 15px !important;padding-right: 15px !important;padding-bottom: 15px !important;padding-left: 15px !important;background-color: #dbdbdb !important;}\u00a0\u00bb]<a href=\"https:\/\/terragon.net\/fr\/solutions-pour-la-recuperation-des-ressources\/valorisation-des-dechets\/\">MAGS<sup>TM<\/sup><\/a> est la meilleure solution qui r\u00e9pond aux exigences r\u00e9glementaires de MARPOL Annexe V. Notre technologie brevet\u00e9e r\u00e9duira le volume de mati\u00e8res r\u00e9siduelles de plus de 95%, mais le plus int\u00e9ressant est qu\u2019elle convertira ces mati\u00e8res en \u00e9nergie propre qui pourra \u00eatre r\u00e9int\u00e9gr\u00e9e dans le navire. MAGS est un appareil efficace pour la conversion des d\u00e9chets en \u00e9nergie \u00e0 bord, tout en r\u00e9duisant les co\u00fbts et en supprimant la logistique complexe et les impacts environnementaux li\u00e9s au d\u00e9chargement des d\u00e9chets \u00e0 terre. MAGS est \u00e9galement une approche beaucoup plus respectueuse de l&rsquo;environnement par rapport aux dispositifs de destruction thermique actuels utilis\u00e9s \u00e0 bord car le syst\u00e8me est auto-aliment\u00e9 et comporte un processus de trempe et d&rsquo;\u00e9puration inclus sur la conduite de gaz d&rsquo;\u00e9chappement avant son rejet final dans l&rsquo;atmosph\u00e8re.[\/vc_column_text][\/vc_column][\/vc_row][vc_row][vc_column][vc_column_text css=\u00a0\u00bb.vc_custom_1607972962933{padding-top: 15px !important;padding-right: 15px !important;padding-bottom: 15px !important;padding-left: 15px !important;background-color: #dbdbdb !important;}\u00a0\u00bb]<a href=\"https:\/\/terragon.net\/fr\/solutions-pour-la-recuperation-des-ressources\/solutions-eaux\/\">WETT<sup>TM<\/sup>-O<\/a> est une technologie brevet\u00e9e pour le traitement des eaux de cale huileuses. L\u2019appareil est enti\u00e8rement automatis\u00e9 avec une capacit\u00e9 marche\/arr\u00eat et un d\u00e9marrage rapide. Ce syst\u00e8me n&rsquo;utilise pas de filtres ni de supports d&rsquo;adsorption, de membranes, de produits chimiques ou de traitement biologique. WETT-O est bas\u00e9 sur une approche d&rsquo;\u00e9lectrocoagulation avanc\u00e9e marin\u00e9e et a \u00e9t\u00e9 d\u00e9montr\u00e9 sur des navires commerciaux et gouvernementaux. En 2016, des prototypes commerciaux certifi\u00e9s WETT-O sont devenus disponibles pour certaines d\u00e9monstrations \u00e0 bord des navires commerciaux.[\/vc_column_text][\/vc_column][\/vc_row][vc_row][vc_column width=\u00a0\u00bb1\/2&Prime;]<div class=\"vcex-spacing hidden-phone\" style=\"height:65px\"><\/div>[vc_column_text]\n<p style=\"text-align: center;\"><a href=\"https:\/\/terragon.net\/fr\/solutions-pour-la-recuperation-des-ressources\/valorisation-des-dechets\/\"><img loading=\"lazy\" decoding=\"async\" class=\"wp-image-512 size-medium aligncenter\" src=\"\/wp-content\/uploads\/2016\/05\/image64-300x207.jpg\" width=\"300\" height=\"207\" srcset=\"https:\/\/terragon.wpenginepowered.com\/wp-content\/uploads\/2016\/05\/image64-300x207.jpg 300w, https:\/\/terragon.wpenginepowered.com\/wp-content\/uploads\/2016\/05\/image64.jpg 328w\" sizes=\"auto, (max-width: 300px) 100vw, 300px\" \/><\/a><br \/>\n<a href=\"https:\/\/terragon.net\/fr\/solutions-pour-la-recuperation-des-ressources\/valorisation-des-dechets\/\">Savoir plus sur MAGS<\/a><\/p>\n[\/vc_column_text][\/vc_column][vc_column width=\u00a0\u00bb1\/2&Prime;][vc_column_text]\n<h2>Profitez de MAGS d\u00e8s aujourd&rsquo;hui<\/h2>\n<ul>\n<li>Technologie avec approbation de type<\/li>\n<li>D\u00e9passe les r\u00e9glementations MARPOL<\/li>\n<li>95% de r\u00e9duction du volume des d\u00e9chets<\/li>\n<li>Transport et enfouissement r\u00e9duits<\/li>\n<li>R\u00e9duction de la d\u00e9pendance aux combustibles fossiles<\/li>\n<li>Simple \u00e0 utiliser et \u00e0 entretenir<\/li>\n<li>Capacit\u00e9 de traitement de d\u00e9chets solides: 50 kg\/h<\/li>\n<li>Traitement de 18-25 L\/h de boues huileuses<\/li>\n<li>\u00c9conomies sur les co\u00fbts d&rsquo;\u00e9limination des mati\u00e8res r\u00e9siduelles<\/li>\n<li>Processus d&rsquo;auto-alimentation<\/li>\n<li>Moyenne d&rsquo;\u00e9nergie r\u00e9cup\u00e9r\u00e9e exc\u00e9dant 100 kWh\/h<\/li>\n<li>R\u00e9duction des co\u00fbts d\u2019op\u00e9ration par rapport \u00e0 l&rsquo;incin\u00e9ration<\/li>\n<\/ul>\n[\/vc_column_text][\/vc_column][\/vc_row][vc_row][vc_column width=\u00a0\u00bb1\/2&Prime;]<div class=\"vcex-spacing hidden-phone\" style=\"height:65px\"><\/div>[vc_column_text]<a href=\"https:\/\/terragon.net\/fr\/solutions-pour-la-recuperation-des-ressources\/solutions-eaux\/\"><img loading=\"lazy\" decoding=\"async\" class=\"wp-image-1677 size-full aligncenter\" src=\"\/wp-content\/uploads\/2016\/05\/ship-1.jpg\" width=\"300\" height=\"207\" \/><\/a><\/p>\n<p style=\"text-align: center;\"><a href=\"https:\/\/terragon.net\/fr\/solutions-pour-la-recuperation-des-ressources\/solutions-eaux\/\">Savoir plus sur WETT-O et les autres produits WETT<\/a><\/p>\n[\/vc_column_text][\/vc_column][vc_column width=\u00a0\u00bb1\/2&Prime;][vc_column_text]\n<h2>Profitez de WETT-O d\u00e8s aujourd&rsquo;hui<\/h2>\n<ul>\n<li>Technologie avec approbation de type<\/li>\n<li>D\u00e9passe les r\u00e9glementations MARPOL<\/li>\n<li>95% de r\u00e9duction des co\u00fbts relatifs \u00e0 l&rsquo;eau de cale<\/li>\n<li>Pas de produits chimiques ni de filtres<\/li>\n<li>R\u00e9duction importante du co\u00fbt d\u2019op\u00e9ration<\/li>\n<li>Quasiment sans entretien<\/li>\n<li>Changement d&rsquo;\u00e9lectrode \u00e9conomique et rapide (&lt;10 min)<\/li>\n<li>Conception \u00e9prouv\u00e9e pour le tangage, le roulis et les vibrations<\/li>\n<li>Conception modulaire<\/li>\n<li>Exposant (1,4-10,8 m<sup>3<\/sup>\/j) et modernisations<\/li>\n<li>Peut \u00eatre utilis\u00e9 cons\u00e9cutivement au syst\u00e8me de traitement de l&rsquo;eau de cale int\u00e9gr\u00e9 avec un r\u00e9servoir d&rsquo;effluent propre pour une d\u00e9charge ultra-rapide<\/li>\n<li>\u00c9limine d&rsquo;autres polluants tels que les m\u00e9taux, les solides en suspension, le phosphore et les mati\u00e8res organiques<\/li>\n<\/ul>\n[\/vc_column_text][\/vc_column][\/vc_row][vc_row][vc_column][vc_column_text]\n<h2>MAGS qui influence les r\u00e9glementations de l&rsquo;OMI<\/h2>\n<p>La performance environnementale exceptionnelle de MAGS a provoqu\u00e9 une initiative vers un changement du cadre r\u00e9glementaire des applications maritimes et terrestres. En mai 2015, l&rsquo;Organisation Maritime Internationale (OMI) a approuv\u00e9 le groupe 3 de la pollution et de la pr\u00e9vention (PPR) pour commencer l&rsquo;\u00e9laboration d&rsquo;une nouvelle cat\u00e9gorie, norme et approbation de type relatives aux dispositifs de gaz\u00e9ification \u00e0 bord, permettant aux propri\u00e9taires de navires de s\u00e9lectionner une meilleure technologie que celles utilis\u00e9es pr\u00e9sentement, plus propre et plus \u00e9conome en \u00e9nergie afin de r\u00e9pondre aux exigences de MARPOL.[\/vc_column_text][\/vc_column][\/vc_row]\n","protected":false},"excerpt":{"rendered":"<p>[vc_row][vc_column][vc_column_text] NAVIRES ET PLATE-FORMES MARITIMES L&rsquo;industrie maritime commerciale est r\u00e9glement\u00e9e par l&rsquo;Organisation Maritime Internationale (OMI), en particulier dans les annexes de MARPOL pour la pr\u00e9vention de la pollution par les navires. Tous les navires g\u00e9n\u00e8rent des mati\u00e8res r\u00e9siduelles provenant des&hellip;<\/p>\n","protected":false},"author":2,"featured_media":0,"parent":53,"menu_order":31,"comment_status":"closed","ping_status":"closed","template":"","meta":{"footnotes":""},"class_list":["post-113","page","type-page","status-publish","hentry","entry","no-media"],"yoast_head":"<!-- This site is optimized with the Yoast SEO plugin v26.8 - https:\/\/yoast.com\/product\/yoast-seo-wordpress\/ -->\n<title>Navires et plate-formes maritimes - Terragon Environmental Technologies Inc.<\/title>\n<meta name=\"robots\" content=\"index, follow, max-snippet:-1, max-image-preview:large, max-video-preview:-1\" \/>\n<link rel=\"canonical\" href=\"https:\/\/terragon.net\/fr\/marches\/navires-et-plate-formes-en-mer\/\" \/>\n<meta property=\"og:locale\" content=\"fr_FR\" \/>\n<meta property=\"og:type\" content=\"article\" \/>\n<meta property=\"og:title\" content=\"Navires et plate-formes maritimes - Terragon Environmental Technologies Inc.\" \/>\n<meta property=\"og:description\" content=\"[vc_row][vc_column][vc_column_text] NAVIRES ET PLATE-FORMES MARITIMES L&rsquo;industrie maritime commerciale est r\u00e9glement\u00e9e par l&rsquo;Organisation Maritime Internationale (OMI), en particulier dans les annexes de MARPOL pour la pr\u00e9vention de la pollution par les navires. Tous les navires g\u00e9n\u00e8rent des mati\u00e8res r\u00e9siduelles provenant des&hellip;\" \/>\n<meta property=\"og:url\" content=\"https:\/\/terragon.net\/fr\/marches\/navires-et-plate-formes-en-mer\/\" \/>\n<meta property=\"og:site_name\" content=\"Terragon Environmental Technologies Inc.\" \/>\n<meta property=\"article:modified_time\" content=\"2021-01-06T15:08:13+00:00\" \/>\n<meta property=\"og:image\" content=\"https:\/\/terragon.net\/wp-content\/uploads\/2016\/05\/terragon-ship-icon.jpg\" \/>\n<meta name=\"twitter:card\" content=\"summary_large_image\" \/>\n<meta name=\"twitter:label1\" content=\"Est. reading time\" \/>\n\t<meta name=\"twitter:data1\" content=\"5 minutes\" \/>\n<script type=\"application\/ld+json\" class=\"yoast-schema-graph\">{\"@context\":\"https:\/\/schema.org\",\"@graph\":[{\"@type\":\"WebPage\",\"@id\":\"https:\/\/terragon.net\/fr\/marches\/navires-et-plate-formes-en-mer\/\",\"url\":\"https:\/\/terragon.net\/fr\/marches\/navires-et-plate-formes-en-mer\/\",\"name\":\"Navires et plate-formes maritimes - Terragon Environmental Technologies Inc.\",\"isPartOf\":{\"@id\":\"https:\/\/terragon.net\/#website\"},\"datePublished\":\"2016-05-18T21:21:59+00:00\",\"dateModified\":\"2021-01-06T15:08:13+00:00\",\"breadcrumb\":{\"@id\":\"https:\/\/terragon.net\/fr\/marches\/navires-et-plate-formes-en-mer\/#breadcrumb\"},\"inLanguage\":\"fr-FR\",\"potentialAction\":[{\"@type\":\"ReadAction\",\"target\":[\"https:\/\/terragon.net\/fr\/marches\/navires-et-plate-formes-en-mer\/\"]}]},{\"@type\":\"BreadcrumbList\",\"@id\":\"https:\/\/terragon.net\/fr\/marches\/navires-et-plate-formes-en-mer\/#breadcrumb\",\"itemListElement\":[{\"@type\":\"ListItem\",\"position\":1,\"name\":\"Home\",\"item\":\"https:\/\/terragon.net\/fr\/\"},{\"@type\":\"ListItem\",\"position\":2,\"name\":\"March\u00e9s\",\"item\":\"https:\/\/terragon.net\/fr\/marches\/\"},{\"@type\":\"ListItem\",\"position\":3,\"name\":\"Navires et plate-formes maritimes\"}]},{\"@type\":\"WebSite\",\"@id\":\"https:\/\/terragon.net\/#website\",\"url\":\"https:\/\/terragon.net\/\",\"name\":\"Terragon Environmental Technologies Inc.\",\"description\":\"\",\"publisher\":{\"@id\":\"https:\/\/terragon.net\/#organization\"},\"potentialAction\":[{\"@type\":\"SearchAction\",\"target\":{\"@type\":\"EntryPoint\",\"urlTemplate\":\"https:\/\/terragon.net\/?s={search_term_string}\"},\"query-input\":{\"@type\":\"PropertyValueSpecification\",\"valueRequired\":true,\"valueName\":\"search_term_string\"}}],\"inLanguage\":\"fr-FR\"},{\"@type\":\"Organization\",\"@id\":\"https:\/\/terragon.net\/#organization\",\"name\":\"Terragon Environmental Technologies Inc.\",\"url\":\"https:\/\/terragon.net\/\",\"logo\":{\"@type\":\"ImageObject\",\"inLanguage\":\"fr-FR\",\"@id\":\"https:\/\/terragon.net\/#\/schema\/logo\/image\/\",\"url\":\"https:\/\/terragon.net\/wp-content\/uploads\/2016\/05\/Terragon-logo-bi-lingual.png\",\"contentUrl\":\"https:\/\/terragon.net\/wp-content\/uploads\/2016\/05\/Terragon-logo-bi-lingual.png\",\"width\":573,\"height\":341,\"caption\":\"Terragon Environmental Technologies Inc.\"},\"image\":{\"@id\":\"https:\/\/terragon.net\/#\/schema\/logo\/image\/\"}}]}<\/script>\n<!-- \/ Yoast SEO plugin. -->","yoast_head_json":{"title":"Navires et plate-formes maritimes - Terragon Environmental Technologies Inc.","robots":{"index":"index","follow":"follow","max-snippet":"max-snippet:-1","max-image-preview":"max-image-preview:large","max-video-preview":"max-video-preview:-1"},"canonical":"https:\/\/terragon.net\/fr\/marches\/navires-et-plate-formes-en-mer\/","og_locale":"fr_FR","og_type":"article","og_title":"Navires et plate-formes maritimes - Terragon Environmental Technologies Inc.","og_description":"[vc_row][vc_column][vc_column_text] NAVIRES ET PLATE-FORMES MARITIMES L&rsquo;industrie maritime commerciale est r\u00e9glement\u00e9e par l&rsquo;Organisation Maritime Internationale (OMI), en particulier dans les annexes de MARPOL pour la pr\u00e9vention de la pollution par les navires. Tous les navires g\u00e9n\u00e8rent des mati\u00e8res r\u00e9siduelles provenant des&hellip;","og_url":"https:\/\/terragon.net\/fr\/marches\/navires-et-plate-formes-en-mer\/","og_site_name":"Terragon Environmental Technologies Inc.","article_modified_time":"2021-01-06T15:08:13+00:00","og_image":[{"url":"https:\/\/terragon.net\/wp-content\/uploads\/2016\/05\/terragon-ship-icon.jpg","type":"","width":"","height":""}],"twitter_card":"summary_large_image","twitter_misc":{"Est. reading time":"5 minutes"},"schema":{"@context":"https:\/\/schema.org","@graph":[{"@type":"WebPage","@id":"https:\/\/terragon.net\/fr\/marches\/navires-et-plate-formes-en-mer\/","url":"https:\/\/terragon.net\/fr\/marches\/navires-et-plate-formes-en-mer\/","name":"Navires et plate-formes maritimes - Terragon Environmental Technologies Inc.","isPartOf":{"@id":"https:\/\/terragon.net\/#website"},"datePublished":"2016-05-18T21:21:59+00:00","dateModified":"2021-01-06T15:08:13+00:00","breadcrumb":{"@id":"https:\/\/terragon.net\/fr\/marches\/navires-et-plate-formes-en-mer\/#breadcrumb"},"inLanguage":"fr-FR","potentialAction":[{"@type":"ReadAction","target":["https:\/\/terragon.net\/fr\/marches\/navires-et-plate-formes-en-mer\/"]}]},{"@type":"BreadcrumbList","@id":"https:\/\/terragon.net\/fr\/marches\/navires-et-plate-formes-en-mer\/#breadcrumb","itemListElement":[{"@type":"ListItem","position":1,"name":"Home","item":"https:\/\/terragon.net\/fr\/"},{"@type":"ListItem","position":2,"name":"March\u00e9s","item":"https:\/\/terragon.net\/fr\/marches\/"},{"@type":"ListItem","position":3,"name":"Navires et plate-formes maritimes"}]},{"@type":"WebSite","@id":"https:\/\/terragon.net\/#website","url":"https:\/\/terragon.net\/","name":"Terragon Environmental Technologies Inc.","description":"","publisher":{"@id":"https:\/\/terragon.net\/#organization"},"potentialAction":[{"@type":"SearchAction","target":{"@type":"EntryPoint","urlTemplate":"https:\/\/terragon.net\/?s={search_term_string}"},"query-input":{"@type":"PropertyValueSpecification","valueRequired":true,"valueName":"search_term_string"}}],"inLanguage":"fr-FR"},{"@type":"Organization","@id":"https:\/\/terragon.net\/#organization","name":"Terragon Environmental Technologies Inc.","url":"https:\/\/terragon.net\/","logo":{"@type":"ImageObject","inLanguage":"fr-FR","@id":"https:\/\/terragon.net\/#\/schema\/logo\/image\/","url":"https:\/\/terragon.net\/wp-content\/uploads\/2016\/05\/Terragon-logo-bi-lingual.png","contentUrl":"https:\/\/terragon.net\/wp-content\/uploads\/2016\/05\/Terragon-logo-bi-lingual.png","width":573,"height":341,"caption":"Terragon Environmental Technologies Inc."},"image":{"@id":"https:\/\/terragon.net\/#\/schema\/logo\/image\/"}}]}},"_links":{"self":[{"href":"https:\/\/terragon.net\/fr\/wp-json\/wp\/v2\/pages\/113","targetHints":{"allow":["GET"]}}],"collection":[{"href":"https:\/\/terragon.net\/fr\/wp-json\/wp\/v2\/pages"}],"about":[{"href":"https:\/\/terragon.net\/fr\/wp-json\/wp\/v2\/types\/page"}],"author":[{"embeddable":true,"href":"https:\/\/terragon.net\/fr\/wp-json\/wp\/v2\/users\/2"}],"replies":[{"embeddable":true,"href":"https:\/\/terragon.net\/fr\/wp-json\/wp\/v2\/comments?post=113"}],"version-history":[{"count":0,"href":"https:\/\/terragon.net\/fr\/wp-json\/wp\/v2\/pages\/113\/revisions"}],"up":[{"embeddable":true,"href":"https:\/\/terragon.net\/fr\/wp-json\/wp\/v2\/pages\/53"}],"wp:attachment":[{"href":"https:\/\/terragon.net\/fr\/wp-json\/wp\/v2\/media?parent=113"}],"curies":[{"name":"wp","href":"https:\/\/api.w.org\/{rel}","templated":true}]}}